{"id":1371,"date":"2025-05-06T22:13:48","date_gmt":"2025-05-06T19:13:48","guid":{"rendered":"https:\/\/lavinmadencilik.com\/?page_id=1371"},"modified":"2025-05-17T10:58:25","modified_gmt":"2025-05-17T07:58:25","slug":"maden-arama","status":"publish","type":"page","link":"https:\/\/lavinmadencilik.com\/en\/maden-arama\/","title":{"rendered":"Mineral Exploration"},"content":{"rendered":"<div class=\"wp-block-uagb-container uagb-block-25efe059 alignfull uagb-is-root-container\"><div class=\"uagb-container-inner-blocks-wrap\">\n<div class=\"wp-block-uagb-advanced-heading uagb-block-152b2cf8\"><h1 class=\"uagb-heading-text\">Mineral Exploration<\/h1><\/div>\n<\/div><\/div>\n\n\n\n<div class=\"wp-block-uagb-container uagb-layout-grid uagb-block-c07c1ca2 alignfull uagb-is-root-container\"><div class=\"uagb-container-inner-blocks-wrap\">\n<div class=\"wp-block-uagb-info-box uagb-block-439a912a uagb-infobox__content-wrap  uagb-infobox-icon-above-title uagb-infobox-image-valign-top\"><div class=\"uagb-ifb-content\"><div class=\"uagb-ifb-title-wrap\"><h2 class=\"uagb-ifb-title\">Mineral Exploration<\/h2><\/div><div class=\"uagb-ifb-separator\"><\/div><p class=\"uagb-ifb-desc\">In the mineral exploration process, we combine knowledge, experience, and technology to identify underground resources in an economically and environmentally sustainable manner.<br><br>In prospective mineral exploration areas, we conduct detailed exploration, geochemical sampling (soil, rock, sediment), and drilling planning. We report these studies in accordance with UMREK and JORC standards to reveal the economic potential of the site and provide investors with reliable data.<br><br>Our goal is to identify potential ore fields through detailed analysis and measurements, and to provide investors with reliable data.<\/p><\/div><\/div>\n\n\n\n<div class=\"wp-block-group is-layout-constrained wp-block-group-is-layout-constrained\">\n<div class=\"wp-block-group is-layout-constrained wp-block-group-is-layout-constrained\">\n<div class=\"wp-block-uagb-image uagb-block-c2362fda wp-block-uagb-image--layout-default wp-block-uagb-image--effect-static wp-block-uagb-image--align-none\"><figure class=\"wp-block-uagb-image__figure\"><img loading=\"lazy\" decoding=\"async\" srcset=\"https:\/\/lavinmadencilik.com\/wp-content\/uploads\/2025\/05\/WhatsApp-Image-2025-05-16-at-18.44.22-1024x768.jpeg ,https:\/\/lavinmadencilik.com\/wp-content\/uploads\/2025\/05\/WhatsApp-Image-2025-05-16-at-18.44.22-scaled.jpeg 780w, https:\/\/lavinmadencilik.com\/wp-content\/uploads\/2025\/05\/WhatsApp-Image-2025-05-16-at-18.44.22-scaled.jpeg 360w\" sizes=\"auto, (max-width: 480px) 150px\" src=\"https:\/\/lavinmadencilik.com\/wp-content\/uploads\/2025\/05\/WhatsApp-Image-2025-05-16-at-18.44.22-1024x768.jpeg\" alt=\"\" class=\"uag-image-1629\" width=\"570\" height=\"347\" title=\"WhatsApp Image 2025-05-16 at 18.44.22\" role=\"img\"\/><\/figure><\/div>\n\n\n\n<div class=\"wp-block-group is-layout-constrained wp-block-group-is-layout-constrained\">\n<div class=\"wp-block-uagb-image uagb-block-02384467 wp-block-uagb-image--layout-default wp-block-uagb-image--effect-static wp-block-uagb-image--align-none\"><figure class=\"wp-block-uagb-image__figure\"><img loading=\"lazy\" decoding=\"async\" srcset=\"https:\/\/lavinmadencilik.com\/wp-content\/uploads\/2025\/05\/WhatsApp-Image-2025-05-16-at-11.14.45-1024x768.jpeg?wsr ,https:\/\/lavinmadencilik.com\/wp-content\/uploads\/2025\/05\/WhatsApp-Image-2025-05-16-at-11.14.45.jpeg 780w, https:\/\/lavinmadencilik.com\/wp-content\/uploads\/2025\/05\/WhatsApp-Image-2025-05-16-at-11.14.45.jpeg 360w\" sizes=\"auto, (max-width: 480px) 150px\" src=\"https:\/\/lavinmadencilik.com\/wp-content\/uploads\/2025\/05\/WhatsApp-Image-2025-05-16-at-11.14.45-1024x768.jpeg?wsr\" alt=\"\" class=\"uag-image-1615\" width=\"1024\" height=\"768\" title=\"WhatsApp Image 2025-05-16 at 11.14.45\" role=\"img\"\/><\/figure><\/div>\n<\/div>\n<\/div>\n<\/div>\n<\/div><\/div>\n\n\n\n<div class=\"wp-block-uagb-container uagb-block-ada1b635 alignfull uagb-is-root-container\"><div class=\"uagb-container-inner-blocks-wrap\">\n<div class=\"wp-block-uagb-advanced-heading uagb-block-85aae344\"><h3 class=\"uagb-heading-text\">Experience<\/h3><div class=\"uagb-separator\"><\/div><p class=\"uagb-desc-text\">With our many years of experience across the public sector, academia, and private industry, we have built an extensive knowledge base through general exploration, detailed exploration, and preliminary feasibility studies conducted in various regions of Turkey and around the world.<br><br>We evaluate reserve potential using geological, geophysical, and geochemical methods, and develop data-driven exploration plans.<br><br><\/p><\/div>\n<\/div><\/div>\n\n\n\n<p><\/p>","protected":false},"excerpt":{"rendered":"<p>MADEN ARAMA Deneyimler Uzun y\u0131llara dayanan kamu, \u00fcniversite ve \u00f6zel sekt\u00f6r deneyimimizle; T\u00fcrkiye ve d\u00fcnyan\u0131n \u00e7e\u015fitli b\u00f6lgelerinde ger\u00e7ekle\u015ftirdi\u011fimiz genel arama, detay arama ve \u00f6n fizibilite \u00e7al\u0131\u015fmalar\u0131nda geni\u015f bir bilgi ar\u015fivine sahibiz. Jeolojik, jeofizik ve jeokimyasal y\u00f6ntemlerle rezerv potansiyelini de\u011ferlendiriyor, veriye dayal\u0131 arama planlar\u0131 olu\u015fturuyoruz.<\/p>","protected":false},"author":1,"featured_media":0,"parent":0,"menu_order":0,"comment_status":"closed","ping_status":"closed","template":"","meta":{"_uag_custom_page_level_css":"","site-sidebar-layout":"no-sidebar","site-content-layout":"plain-container","ast-site-content-layout":"full-width-container","site-content-style":"unboxed","site-sidebar-style":"unboxed","ast-global-header-display":"","ast-banner-title-visibility":"","ast-main-header-display":"","ast-hfb-above-header-display":"","ast-hfb-below-header-display":"","ast-hfb-mobile-header-display":"","site-post-title":"disabled","ast-breadcrumbs-content":"","ast-featured-img":"disabled","footer-sml-layout":"","theme-transparent-header-meta":"enabled","adv-header-id-meta":"","stick-header-meta":"","header-above-stick-meta":"","header-main-stick-meta":"","header-below-stick-meta":"","astra-migrate-meta-layouts":"set","ast-page-background-enabled":"default","ast-page-background-meta":{"desktop":{"background-color":"","background-image":"","background-repeat":"repeat","background-position":"center center","background-size":"auto","background-attachment":"scroll","background-type":"","background-media":"","overlay-type":"","overlay-color":"","overlay-opacity":"","overlay-gradient":""},"tablet":{"background-color":"","background-image":"","background-repeat":"repeat","background-position":"center center","background-size":"auto","background-attachment":"scroll","background-type":"","background-media":"","overlay-type":"","overlay-color":"","overlay-opacity":"","overlay-gradient":""},"mobile":{"background-color":"","background-image":"","background-repeat":"repeat","background-position":"center center","background-size":"auto","background-attachment":"scroll","background-type":"","background-media":"","overlay-type":"","overlay-color":"","overlay-opacity":"","overlay-gradient":""}},"ast-content-background-meta":{"desktop":{"background-color":"var(--ast-global-color-5)","background-image":"","background-repeat":"repeat","background-position":"center center","background-size":"auto","background-attachment":"scroll","background-type":"","background-media":"","overlay-type":"","overlay-color":"","overlay-opacity":"","overlay-gradient":""},"tablet":{"background-color":"var(--ast-global-color-5)","background-image":"","background-repeat":"repeat","background-position":"center center","background-size":"auto","background-attachment":"scroll","background-type":"","background-media":"","overlay-type":"","overlay-color":"","overlay-opacity":"","overlay-gradient":""},"mobile":{"background-color":"var(--ast-global-color-5)","background-image":"","background-repeat":"repeat","background-position":"center center","background-size":"auto","background-attachment":"scroll","background-type":"","background-media":"","overlay-type":"","overlay-color":"","overlay-opacity":"","overlay-gradient":""}},"footnotes":""},"class_list":["post-1371","page","type-page","status-publish","hentry"],"aioseo_notices":[],"uagb_featured_image_src":{"full":false,"thumbnail":false,"medium":false,"medium_large":false,"large":false,"1536x1536":false,"2048x2048":false,"trp-custom-language-flag":false,"awb_sm":false,"awb_md":false,"awb_lg":false,"awb_xl":false},"uagb_author_info":{"display_name":"admin","author_link":"https:\/\/lavinmadencilik.com\/en\/author\/admin\/"},"uagb_comment_info":0,"uagb_excerpt":"MADEN ARAMA Deneyimler Uzun y\u0131llara dayanan kamu, \u00fcniversite ve \u00f6zel sekt\u00f6r deneyimimizle; T\u00fcrkiye ve d\u00fcnyan\u0131n \u00e7e\u015fitli b\u00f6lgelerinde ger\u00e7ekle\u015ftirdi\u011fimiz genel arama, detay arama ve \u00f6n fizibilite \u00e7al\u0131\u015fmalar\u0131nda geni\u015f bir bilgi ar\u015fivine sahibiz. Jeolojik, jeofizik ve jeokimyasal y\u00f6ntemlerle rezerv potansiyelini de\u011ferlendiriyor, veriye dayal\u0131 arama planlar\u0131 olu\u015fturuyoruz.","brizy_media":[],"_links":{"self":[{"href":"https:\/\/lavinmadencilik.com\/en\/wp-json\/wp\/v2\/pages\/1371","targetHints":{"allow":["GET"]}}],"collection":[{"href":"https:\/\/lavinmadencilik.com\/en\/wp-json\/wp\/v2\/pages"}],"about":[{"href":"https:\/\/lavinmadencilik.com\/en\/wp-json\/wp\/v2\/types\/page"}],"author":[{"embeddable":true,"href":"https:\/\/lavinmadencilik.com\/en\/wp-json\/wp\/v2\/users\/1"}],"replies":[{"embeddable":true,"href":"https:\/\/lavinmadencilik.com\/en\/wp-json\/wp\/v2\/comments?post=1371"}],"version-history":[{"count":10,"href":"https:\/\/lavinmadencilik.com\/en\/wp-json\/wp\/v2\/pages\/1371\/revisions"}],"predecessor-version":[{"id":1673,"href":"https:\/\/lavinmadencilik.com\/en\/wp-json\/wp\/v2\/pages\/1371\/revisions\/1673"}],"wp:attachment":[{"href":"https:\/\/lavinmadencilik.com\/en\/wp-json\/wp\/v2\/media?parent=1371"}],"curies":[{"name":"wp","href":"https:\/\/api.w.org\/{rel}","templated":true}]}}