{"id":1372,"date":"2025-05-06T22:12:36","date_gmt":"2025-05-06T19:12:36","guid":{"rendered":"https:\/\/lavinmadencilik.com\/?page_id=1372"},"modified":"2025-05-16T21:27:29","modified_gmt":"2025-05-16T18:27:29","slug":"jeoloji","status":"publish","type":"page","link":"https:\/\/lavinmadencilik.com\/en\/jeoloji\/","title":{"rendered":"Geology"},"content":{"rendered":"<div class=\"wp-block-uagb-container uagb-block-25efe059 alignfull uagb-is-root-container\"><div class=\"uagb-container-inner-blocks-wrap\">\n<div class=\"wp-block-uagb-advanced-heading uagb-block-152b2cf8\"><h1 class=\"uagb-heading-text\">Geology<\/h1><\/div>\n<\/div><\/div>\n\n\n\n<div class=\"wp-block-uagb-container uagb-layout-grid uagb-block-c07c1ca2 alignfull uagb-is-root-container\"><div class=\"uagb-container-inner-blocks-wrap\">\n<div class=\"wp-block-uagb-info-box uagb-block-439a912a uagb-infobox__content-wrap  uagb-infobox-icon-above-title uagb-infobox-image-valign-top\"><div class=\"uagb-ifb-content\"><div class=\"uagb-ifb-title-wrap\"><h2 class=\"uagb-ifb-title\">Geology<\/h2><\/div><div class=\"uagb-ifb-separator\"><\/div><p class=\"uagb-ifb-desc\">Understanding the structure of the Earth's crust and merging the knowledge offered by nature with science is our core principle.<br><br>By analyzing geological data, we ensure that projects are built on safe, efficient, and sustainable foundations.<br><br>We provide consultancy and professional training services related to various geological and mining activities across different sites and fields. We also participate in professional symposiums, meetings, and training programs, and organize field trips focused on geological structures and the formation of mineral deposits.<br><br>From field observations to laboratory testing, we act with scientific accuracy and environmental awareness throughout all processes.<br><br>We carefully interpret every detail that the Earth reveals.<\/p><\/div><\/div>\n\n\n\n<div class=\"wp-block-uagb-image uagb-block-c2362fda wp-block-uagb-image--layout-default wp-block-uagb-image--effect-static wp-block-uagb-image--align-none\"><figure class=\"wp-block-uagb-image__figure\"><img loading=\"lazy\" decoding=\"async\" srcset=\"https:\/\/lavinmadencilik.com\/wp-content\/uploads\/2025\/05\/WhatsApp-Image-2025-05-16-at-21.26.47-1024x768.jpeg ,https:\/\/lavinmadencilik.com\/wp-content\/uploads\/2025\/05\/WhatsApp-Image-2025-05-16-at-21.26.47-scaled.jpeg 780w, https:\/\/lavinmadencilik.com\/wp-content\/uploads\/2025\/05\/WhatsApp-Image-2025-05-16-at-21.26.47-scaled.jpeg 360w\" sizes=\"auto, (max-width: 480px) 150px\" src=\"https:\/\/lavinmadencilik.com\/wp-content\/uploads\/2025\/05\/WhatsApp-Image-2025-05-16-at-21.26.47-1024x768.jpeg\" alt=\"\" class=\"uag-image-1669\" width=\"520\" height=\"347\" title=\"WhatsApp Image 2025-05-16 at 21.26.47\" role=\"img\"\/><\/figure><\/div>\n<\/div><\/div>\n\n\n\n<div class=\"wp-block-uagb-container uagb-block-ada1b635 alignfull uagb-is-root-container\"><div class=\"uagb-container-inner-blocks-wrap\">\n<div class=\"wp-block-uagb-advanced-heading uagb-block-85aae344\"><h4 class=\"uagb-heading-text\">Experience<\/h4><div class=\"uagb-separator\"><\/div><p class=\"uagb-desc-text\">We have gained extensive experience in conducting geological studies across various regions, including soil classifications, rock unit analyses, and structural interpretations.<br><br>For construction, mining, energy, and environmental projects, we provide decision-making support with specialized geological maps and cross-sections.<\/p><\/div>\n<\/div><\/div>","protected":false},"excerpt":{"rendered":"<p>JEOLOJ\u0130 Deneyimler Farkl\u0131 co\u011frafi b\u00f6lgelerde y\u00fcr\u00fctt\u00fc\u011f\u00fcm\u00fcz jeolojik et\u00fctlerle, zemin s\u0131n\u0131fland\u0131rmalar\u0131, kaya birim analizleri ve yap\u0131sal yorumlar alan\u0131nda kapsaml\u0131 deneyim kazand\u0131k. \u0130n\u015faat, madencilik, enerji ve \u00e7evre projelerine \u00f6zel jeolojik haritalar ve kesitlerle karar s\u00fcre\u00e7lerine \u0131\u015f\u0131k tutuyoruz.<\/p>","protected":false},"author":1,"featured_media":0,"parent":0,"menu_order":0,"comment_status":"closed","ping_status":"closed","template":"","meta":{"_uag_custom_page_level_css":"","site-sidebar-layout":"no-sidebar","site-content-layout":"plain-container","ast-site-content-layout":"full-width-container","site-content-style":"unboxed","site-sidebar-style":"unboxed","ast-global-header-display":"","ast-banner-title-visibility":"","ast-main-header-display":"","ast-hfb-above-header-display":"","ast-hfb-below-header-display":"","ast-hfb-mobile-header-display":"","site-post-title":"disabled","ast-breadcrumbs-content":"","ast-featured-img":"disabled","footer-sml-layout":"","theme-transparent-header-meta":"enabled","adv-header-id-meta":"","stick-header-meta":"","header-above-stick-meta":"","header-main-stick-meta":"","header-below-stick-meta":"","astra-migrate-meta-layouts":"set","ast-page-background-enabled":"default","ast-page-background-meta":{"desktop":{"background-color":"","background-image":"","background-repeat":"repeat","background-position":"center center","background-size":"auto","background-attachment":"scroll","background-type":"","background-media":"","overlay-type":"","overlay-color":"","overlay-opacity":"","overlay-gradient":""},"tablet":{"background-color":"","background-image":"","background-repeat":"repeat","background-position":"center center","background-size":"auto","background-attachment":"scroll","background-type":"","background-media":"","overlay-type":"","overlay-color":"","overlay-opacity":"","overlay-gradient":""},"mobile":{"background-color":"","background-image":"","background-repeat":"repeat","background-position":"center center","background-size":"auto","background-attachment":"scroll","background-type":"","background-media":"","overlay-type":"","overlay-color":"","overlay-opacity":"","overlay-gradient":""}},"ast-content-background-meta":{"desktop":{"background-color":"var(--ast-global-color-5)","background-image":"","background-repeat":"repeat","background-position":"center center","background-size":"auto","background-attachment":"scroll","background-type":"","background-media":"","overlay-type":"","overlay-color":"","overlay-opacity":"","overlay-gradient":""},"tablet":{"background-color":"var(--ast-global-color-5)","background-image":"","background-repeat":"repeat","background-position":"center center","background-size":"auto","background-attachment":"scroll","background-type":"","background-media":"","overlay-type":"","overlay-color":"","overlay-opacity":"","overlay-gradient":""},"mobile":{"background-color":"var(--ast-global-color-5)","background-image":"","background-repeat":"repeat","background-position":"center center","background-size":"auto","background-attachment":"scroll","background-type":"","background-media":"","overlay-type":"","overlay-color":"","overlay-opacity":"","overlay-gradient":""}},"footnotes":""},"class_list":["post-1372","page","type-page","status-publish","hentry"],"aioseo_notices":[],"uagb_featured_image_src":{"full":false,"thumbnail":false,"medium":false,"medium_large":false,"large":false,"1536x1536":false,"2048x2048":false,"trp-custom-language-flag":false,"awb_sm":false,"awb_md":false,"awb_lg":false,"awb_xl":false},"uagb_author_info":{"display_name":"admin","author_link":"https:\/\/lavinmadencilik.com\/en\/author\/admin\/"},"uagb_comment_info":0,"uagb_excerpt":"JEOLOJ\u0130 Deneyimler Farkl\u0131 co\u011frafi b\u00f6lgelerde y\u00fcr\u00fctt\u00fc\u011f\u00fcm\u00fcz jeolojik et\u00fctlerle, zemin s\u0131n\u0131fland\u0131rmalar\u0131, kaya birim analizleri ve yap\u0131sal yorumlar alan\u0131nda kapsaml\u0131 deneyim kazand\u0131k. \u0130n\u015faat, madencilik, enerji ve \u00e7evre projelerine \u00f6zel jeolojik haritalar ve kesitlerle karar s\u00fcre\u00e7lerine \u0131\u015f\u0131k tutuyoruz.","brizy_media":[],"_links":{"self":[{"href":"https:\/\/lavinmadencilik.com\/en\/wp-json\/wp\/v2\/pages\/1372","targetHints":{"allow":["GET"]}}],"collection":[{"href":"https:\/\/lavinmadencilik.com\/en\/wp-json\/wp\/v2\/pages"}],"about":[{"href":"https:\/\/lavinmadencilik.com\/en\/wp-json\/wp\/v2\/types\/page"}],"author":[{"embeddable":true,"href":"https:\/\/lavinmadencilik.com\/en\/wp-json\/wp\/v2\/users\/1"}],"replies":[{"embeddable":true,"href":"https:\/\/lavinmadencilik.com\/en\/wp-json\/wp\/v2\/comments?post=1372"}],"version-history":[{"count":8,"href":"https:\/\/lavinmadencilik.com\/en\/wp-json\/wp\/v2\/pages\/1372\/revisions"}],"predecessor-version":[{"id":1670,"href":"https:\/\/lavinmadencilik.com\/en\/wp-json\/wp\/v2\/pages\/1372\/revisions\/1670"}],"wp:attachment":[{"href":"https:\/\/lavinmadencilik.com\/en\/wp-json\/wp\/v2\/media?parent=1372"}],"curies":[{"name":"wp","href":"https:\/\/api.w.org\/{rel}","templated":true}]}}