{"id":1373,"date":"2025-05-06T22:16:04","date_gmt":"2025-05-06T19:16:04","guid":{"rendered":"https:\/\/lavinmadencilik.com\/?page_id=1373"},"modified":"2025-05-16T21:21:56","modified_gmt":"2025-05-16T18:21:56","slug":"jeolojik-danismanlik","status":"publish","type":"page","link":"https:\/\/lavinmadencilik.com\/en\/jeolojik-danismanlik\/","title":{"rendered":"Geological Consultancy"},"content":{"rendered":"<div class=\"wp-block-uagb-container uagb-block-25efe059 alignfull uagb-is-root-container\"><div class=\"uagb-container-inner-blocks-wrap\">\n<div class=\"wp-block-uagb-advanced-heading uagb-block-152b2cf8\"><h1 class=\"uagb-heading-text\">Geological Consultancy<\/h1><\/div>\n<\/div><\/div>\n\n\n\n<div class=\"wp-block-uagb-container uagb-layout-grid uagb-block-c07c1ca2 alignfull uagb-is-root-container\"><div class=\"uagb-container-inner-blocks-wrap\">\n<div class=\"wp-block-uagb-info-box uagb-block-439a912a uagb-infobox__content-wrap  uagb-infobox-icon-above-title uagb-infobox-image-valign-top\"><div class=\"uagb-ifb-content\"><div class=\"uagb-ifb-title-wrap\"><h2 class=\"uagb-ifb-title\">Geological Consultancy<\/h2><\/div><div class=\"uagb-ifb-separator\"><\/div><p class=\"uagb-ifb-desc\">By accurately analyzing the geological infrastructure of projects, we establish solid foundations for investment and implementation phases.<br><br>In accordance with relevant laws and regulations, we conduct studies for mining exploration and operation licenses, prepare preliminary exploration, general exploration, detailed exploration, and feasibility reports. Additionally, we develop mining operation projects and provide services such as Mining Site Evaluation, Competent Person (QP) Site Visits, Mining Exploration Project Planning, and Technical Assessments for license holders and third parties.<br><br>In geological consultancy, our main goal is to provide reliable, economical, and environmentally friendly solutions for the use of natural resources.<\/p><\/div><\/div>\n\n\n\n<div class=\"wp-block-uagb-image uagb-block-c2362fda wp-block-uagb-image--layout-default wp-block-uagb-image--effect-static wp-block-uagb-image--align-none\"><figure class=\"wp-block-uagb-image__figure\"><img loading=\"lazy\" decoding=\"async\" srcset=\"https:\/\/lavinmadencilik.com\/wp-content\/uploads\/2025\/05\/IMG_0117.jpg ,https:\/\/lavinmadencilik.com\/wp-content\/uploads\/2025\/05\/IMG_0117.jpg 780w, https:\/\/lavinmadencilik.com\/wp-content\/uploads\/2025\/05\/IMG_0117.jpg 360w\" sizes=\"auto, (max-width: 480px) 150px\" src=\"https:\/\/lavinmadencilik.com\/wp-content\/uploads\/2025\/05\/IMG_0117.jpg\" alt=\"\" class=\"uag-image-1489\" width=\"520\" height=\"347\" title=\"IMG_0117\" role=\"img\"\/><\/figure><\/div>\n<\/div><\/div>\n\n\n\n<div class=\"wp-block-uagb-container uagb-block-ada1b635 alignfull uagb-is-root-container\"><div class=\"uagb-container-inner-blocks-wrap\">\n<div class=\"wp-block-uagb-advanced-heading uagb-block-85aae344\"><h4 class=\"uagb-heading-text\">Experience<\/h4><div class=\"uagb-separator\"><\/div><p class=\"uagb-desc-text\">We have carried out hundreds of field studies for mining, construction, energy, and environmental projects.<br><br>Our consultancy services include geological surveys, geological modeling, map production, and risk analysis.<\/p><\/div>\n<\/div><\/div>","protected":false},"excerpt":{"rendered":"<p>JEOLOJ\u0130K DANI\u015eMANLIK Deneyimler Maden, in\u015faat, enerji ve \u00e7evre projelerinde y\u00fczlerce saha \u00e7al\u0131\u015fmas\u0131 y\u00fcr\u00fctt\u00fck. Sundu\u011fumuz dan\u0131\u015fmanl\u0131k hizmetleri; jeolojik et\u00fctler, arazi modellemeleri, harita \u00fcretimi ve risk analizlerini kapsamaktad\u0131r.<\/p>","protected":false},"author":1,"featured_media":0,"parent":0,"menu_order":0,"comment_status":"closed","ping_status":"closed","template":"","meta":{"_uag_custom_page_level_css":"","site-sidebar-layout":"no-sidebar","site-content-layout":"plain-container","ast-site-content-layout":"full-width-container","site-content-style":"unboxed","site-sidebar-style":"unboxed","ast-global-header-display":"","ast-banner-title-visibility":"","ast-main-header-display":"","ast-hfb-above-header-display":"","ast-hfb-below-header-display":"","ast-hfb-mobile-header-display":"","site-post-title":"disabled","ast-breadcrumbs-content":"","ast-featured-img":"disabled","footer-sml-layout":"","theme-transparent-header-meta":"enabled","adv-header-id-meta":"","stick-header-meta":"","header-above-stick-meta":"","header-main-stick-meta":"","header-below-stick-meta":"","astra-migrate-meta-layouts":"set","ast-page-background-enabled":"default","ast-page-background-meta":{"desktop":{"background-color":"","background-image":"","background-repeat":"repeat","background-position":"center center","background-size":"auto","background-attachment":"scroll","background-type":"","background-media":"","overlay-type":"","overlay-color":"","overlay-opacity":"","overlay-gradient":""},"tablet":{"background-color":"","background-image":"","background-repeat":"repeat","background-position":"center center","background-size":"auto","background-attachment":"scroll","background-type":"","background-media":"","overlay-type":"","overlay-color":"","overlay-opacity":"","overlay-gradient":""},"mobile":{"background-color":"","background-image":"","background-repeat":"repeat","background-position":"center center","background-size":"auto","background-attachment":"scroll","background-type":"","background-media":"","overlay-type":"","overlay-color":"","overlay-opacity":"","overlay-gradient":""}},"ast-content-background-meta":{"desktop":{"background-color":"var(--ast-global-color-5)","background-image":"","background-repeat":"repeat","background-position":"center center","background-size":"auto","background-attachment":"scroll","background-type":"","background-media":"","overlay-type":"","overlay-color":"","overlay-opacity":"","overlay-gradient":""},"tablet":{"background-color":"var(--ast-global-color-5)","background-image":"","background-repeat":"repeat","background-position":"center center","background-size":"auto","background-attachment":"scroll","background-type":"","background-media":"","overlay-type":"","overlay-color":"","overlay-opacity":"","overlay-gradient":""},"mobile":{"background-color":"var(--ast-global-color-5)","background-image":"","background-repeat":"repeat","background-position":"center center","background-size":"auto","background-attachment":"scroll","background-type":"","background-media":"","overlay-type":"","overlay-color":"","overlay-opacity":"","overlay-gradient":""}},"footnotes":""},"class_list":["post-1373","page","type-page","status-publish","hentry"],"aioseo_notices":[],"uagb_featured_image_src":{"full":false,"thumbnail":false,"medium":false,"medium_large":false,"large":false,"1536x1536":false,"2048x2048":false,"trp-custom-language-flag":false,"awb_sm":false,"awb_md":false,"awb_lg":false,"awb_xl":false},"uagb_author_info":{"display_name":"admin","author_link":"https:\/\/lavinmadencilik.com\/en\/author\/admin\/"},"uagb_comment_info":0,"uagb_excerpt":"JEOLOJ\u0130K DANI\u015eMANLIK Deneyimler Maden, in\u015faat, enerji ve \u00e7evre projelerinde y\u00fczlerce saha \u00e7al\u0131\u015fmas\u0131 y\u00fcr\u00fctt\u00fck. Sundu\u011fumuz dan\u0131\u015fmanl\u0131k hizmetleri; jeolojik et\u00fctler, arazi modellemeleri, harita \u00fcretimi ve risk analizlerini kapsamaktad\u0131r.","brizy_media":[],"_links":{"self":[{"href":"https:\/\/lavinmadencilik.com\/en\/wp-json\/wp\/v2\/pages\/1373","targetHints":{"allow":["GET"]}}],"collection":[{"href":"https:\/\/lavinmadencilik.com\/en\/wp-json\/wp\/v2\/pages"}],"about":[{"href":"https:\/\/lavinmadencilik.com\/en\/wp-json\/wp\/v2\/types\/page"}],"author":[{"embeddable":true,"href":"https:\/\/lavinmadencilik.com\/en\/wp-json\/wp\/v2\/users\/1"}],"replies":[{"embeddable":true,"href":"https:\/\/lavinmadencilik.com\/en\/wp-json\/wp\/v2\/comments?post=1373"}],"version-history":[{"count":7,"href":"https:\/\/lavinmadencilik.com\/en\/wp-json\/wp\/v2\/pages\/1373\/revisions"}],"predecessor-version":[{"id":1664,"href":"https:\/\/lavinmadencilik.com\/en\/wp-json\/wp\/v2\/pages\/1373\/revisions\/1664"}],"wp:attachment":[{"href":"https:\/\/lavinmadencilik.com\/en\/wp-json\/wp\/v2\/media?parent=1373"}],"curies":[{"name":"wp","href":"https:\/\/api.w.org\/{rel}","templated":true}]}}