{"id":1374,"date":"2025-05-06T22:16:57","date_gmt":"2025-05-06T19:16:57","guid":{"rendered":"https:\/\/lavinmadencilik.com\/?page_id=1374"},"modified":"2025-05-16T00:31:00","modified_gmt":"2025-05-15T21:31:00","slug":"kaynakrezerv-tahmini","status":"publish","type":"page","link":"https:\/\/lavinmadencilik.com\/en\/kaynakrezerv-tahmini\/","title":{"rendered":"Resource &amp; Reserve Estimation"},"content":{"rendered":"<div class=\"wp-block-uagb-container uagb-block-25efe059 alignfull uagb-is-root-container\"><div class=\"uagb-container-inner-blocks-wrap\">\n<div class=\"wp-block-uagb-advanced-heading uagb-block-152b2cf8\"><h1 class=\"uagb-heading-text\">Resource &amp; Reserve Estimation<\/h1><\/div>\n<\/div><\/div>\n\n\n\n<div class=\"wp-block-uagb-container uagb-layout-grid uagb-block-c07c1ca2 alignfull uagb-is-root-container\"><div class=\"uagb-container-inner-blocks-wrap\">\n<div class=\"wp-block-uagb-info-box uagb-block-439a912a uagb-infobox__content-wrap  uagb-infobox-icon-above-title uagb-infobox-image-valign-top\"><div class=\"uagb-ifb-content\"><div class=\"uagb-ifb-title-wrap\"><h2 class=\"uagb-ifb-title\">Resource &amp; Reserve Estimation<\/h2><\/div><div class=\"uagb-ifb-separator\"><\/div><p class=\"uagb-ifb-desc\">We carry out our studies on economically viable mineral deposits (such as copper, lead, zinc, chrome, gold, manganese, etc.) located within any licensed area in accordance with QA\/QC (Quality Assurance\/Quality Control) standards. <br><br>In this process, we perform three-dimensional geological modeling and base our resource and reserve estimations on scientific principles, reporting them in accordance with internationally recognized standards such as UMREK and JORC.<br><br>We aim for the efficient and sustainable development of natural resources, prioritizing the provision of clear, reliable, and enduring data to our investors. <br><br>Taking into account the unique structure of each project, we integrate geological and economic data; <strong>accurate data is the foundation of sound investment<\/strong> is the principle that guides our approach.<\/p><\/div><\/div>\n\n\n\n<div class=\"wp-block-uagb-image uagb-block-c2362fda wp-block-uagb-image--layout-default wp-block-uagb-image--effect-static wp-block-uagb-image--align-none\"><figure class=\"wp-block-uagb-image__figure\"><img loading=\"lazy\" decoding=\"async\" srcset=\"https:\/\/lavinmadencilik.com\/wp-content\/uploads\/2025\/05\/IMG_2337.jpg ,https:\/\/lavinmadencilik.com\/wp-content\/uploads\/2025\/05\/IMG_2337.jpg 780w, https:\/\/lavinmadencilik.com\/wp-content\/uploads\/2025\/05\/IMG_2337.jpg 360w\" sizes=\"auto, (max-width: 480px) 150px\" src=\"https:\/\/lavinmadencilik.com\/wp-content\/uploads\/2025\/05\/IMG_2337.jpg\" alt=\"\" class=\"uag-image-1495\" width=\"520\" height=\"347\" title=\"IMG_2337\" role=\"img\"\/><\/figure><\/div>\n<\/div><\/div>\n\n\n\n<div class=\"wp-block-uagb-container uagb-block-ada1b635 alignfull uagb-is-root-container\"><div class=\"uagb-container-inner-blocks-wrap\">\n<div class=\"wp-block-uagb-advanced-heading uagb-block-85aae344\"><h4 class=\"uagb-heading-text\">Experience<\/h4><div class=\"uagb-separator\"><\/div><p class=\"uagb-desc-text\">With years of field experience and deep technical expertise, we have delivered reliable and comprehensive reserve estimations across various mining sites.<br><br>We meticulously conduct our modeling and reporting processes in strict accordance with internationally recognized standards such as UMREK, JORC, and NI 43-101.<\/p><\/div>\n<\/div><\/div>","protected":false},"excerpt":{"rendered":"<p>Kaynak Rezerv Tahmini Deneyimler Y\u0131llara dayanan saha tecr\u00fcbemiz ve derin teknik uzmanl\u0131\u011f\u0131m\u0131zla, farkl\u0131 maden sahalar\u0131nda g\u00fcvenilir ve kapsaml\u0131 rezerv hesaplamalar\u0131na imza att\u0131k. Modelleme ve raporlama s\u00fcre\u00e7lerimizi, UMREK, JORC ve NI 43-101 gibi uluslararas\u0131 kabul g\u00f6rm\u00fc\u015f standartlara uygun \u015fekilde, titizlikle y\u00fcr\u00fct\u00fcyoruz.<\/p>","protected":false},"author":1,"featured_media":0,"parent":0,"menu_order":0,"comment_status":"closed","ping_status":"closed","template":"","meta":{"_uag_custom_page_level_css":"","site-sidebar-layout":"no-sidebar","site-content-layout":"plain-container","ast-site-content-layout":"full-width-container","site-content-style":"unboxed","site-sidebar-style":"unboxed","ast-global-header-display":"","ast-banner-title-visibility":"","ast-main-header-display":"","ast-hfb-above-header-display":"","ast-hfb-below-header-display":"","ast-hfb-mobile-header-display":"","site-post-title":"disabled","ast-breadcrumbs-content":"","ast-featured-img":"disabled","footer-sml-layout":"","theme-transparent-header-meta":"enabled","adv-header-id-meta":"","stick-header-meta":"","header-above-stick-meta":"","header-main-stick-meta":"","header-below-stick-meta":"","astra-migrate-meta-layouts":"set","ast-page-background-enabled":"default","ast-page-background-meta":{"desktop":{"background-color":"","background-image":"","background-repeat":"repeat","background-position":"center center","background-size":"auto","background-attachment":"scroll","background-type":"","background-media":"","overlay-type":"","overlay-color":"","overlay-opacity":"","overlay-gradient":""},"tablet":{"background-color":"","background-image":"","background-repeat":"repeat","background-position":"center center","background-size":"auto","background-attachment":"scroll","background-type":"","background-media":"","overlay-type":"","overlay-color":"","overlay-opacity":"","overlay-gradient":""},"mobile":{"background-color":"","background-image":"","background-repeat":"repeat","background-position":"center center","background-size":"auto","background-attachment":"scroll","background-type":"","background-media":"","overlay-type":"","overlay-color":"","overlay-opacity":"","overlay-gradient":""}},"ast-content-background-meta":{"desktop":{"background-color":"var(--ast-global-color-5)","background-image":"","background-repeat":"repeat","background-position":"center center","background-size":"auto","background-attachment":"scroll","background-type":"","background-media":"","overlay-type":"","overlay-color":"","overlay-opacity":"","overlay-gradient":""},"tablet":{"background-color":"var(--ast-global-color-5)","background-image":"","background-repeat":"repeat","background-position":"center center","background-size":"auto","background-attachment":"scroll","background-type":"","background-media":"","overlay-type":"","overlay-color":"","overlay-opacity":"","overlay-gradient":""},"mobile":{"background-color":"var(--ast-global-color-5)","background-image":"","background-repeat":"repeat","background-position":"center center","background-size":"auto","background-attachment":"scroll","background-type":"","background-media":"","overlay-type":"","overlay-color":"","overlay-opacity":"","overlay-gradient":""}},"footnotes":""},"class_list":["post-1374","page","type-page","status-publish","hentry"],"aioseo_notices":[],"uagb_featured_image_src":{"full":false,"thumbnail":false,"medium":false,"medium_large":false,"large":false,"1536x1536":false,"2048x2048":false,"trp-custom-language-flag":false,"awb_sm":false,"awb_md":false,"awb_lg":false,"awb_xl":false},"uagb_author_info":{"display_name":"admin","author_link":"https:\/\/lavinmadencilik.com\/en\/author\/admin\/"},"uagb_comment_info":0,"uagb_excerpt":"Kaynak Rezerv Tahmini Deneyimler Y\u0131llara dayanan saha tecr\u00fcbemiz ve derin teknik uzmanl\u0131\u011f\u0131m\u0131zla, farkl\u0131 maden sahalar\u0131nda g\u00fcvenilir ve kapsaml\u0131 rezerv hesaplamalar\u0131na imza att\u0131k. Modelleme ve raporlama s\u00fcre\u00e7lerimizi, UMREK, JORC ve NI 43-101 gibi uluslararas\u0131 kabul g\u00f6rm\u00fc\u015f standartlara uygun \u015fekilde, titizlikle y\u00fcr\u00fct\u00fcyoruz.","brizy_media":[],"_links":{"self":[{"href":"https:\/\/lavinmadencilik.com\/en\/wp-json\/wp\/v2\/pages\/1374","targetHints":{"allow":["GET"]}}],"collection":[{"href":"https:\/\/lavinmadencilik.com\/en\/wp-json\/wp\/v2\/pages"}],"about":[{"href":"https:\/\/lavinmadencilik.com\/en\/wp-json\/wp\/v2\/types\/page"}],"author":[{"embeddable":true,"href":"https:\/\/lavinmadencilik.com\/en\/wp-json\/wp\/v2\/users\/1"}],"replies":[{"embeddable":true,"href":"https:\/\/lavinmadencilik.com\/en\/wp-json\/wp\/v2\/comments?post=1374"}],"version-history":[{"count":7,"href":"https:\/\/lavinmadencilik.com\/en\/wp-json\/wp\/v2\/pages\/1374\/revisions"}],"predecessor-version":[{"id":1598,"href":"https:\/\/lavinmadencilik.com\/en\/wp-json\/wp\/v2\/pages\/1374\/revisions\/1598"}],"wp:attachment":[{"href":"https:\/\/lavinmadencilik.com\/en\/wp-json\/wp\/v2\/media?parent=1374"}],"curies":[{"name":"wp","href":"https:\/\/api.w.org\/{rel}","templated":true}]}}