{"id":1380,"date":"2025-05-06T22:18:16","date_gmt":"2025-05-06T19:18:16","guid":{"rendered":"https:\/\/lavinmadencilik.com\/?page_id=1380"},"modified":"2025-05-17T10:57:40","modified_gmt":"2025-05-17T07:57:40","slug":"maden-jeolojisi","status":"publish","type":"page","link":"https:\/\/lavinmadencilik.com\/en\/maden-jeolojisi\/","title":{"rendered":"Mining Geology"},"content":{"rendered":"<div class=\"wp-block-uagb-container uagb-block-25efe059 alignfull uagb-is-root-container\"><div class=\"uagb-container-inner-blocks-wrap\">\n<div class=\"wp-block-uagb-advanced-heading uagb-block-152b2cf8\"><h1 class=\"uagb-heading-text\">Mining Geology<\/h1><\/div>\n<\/div><\/div>\n\n\n\n<div class=\"wp-block-uagb-container uagb-layout-grid uagb-block-c07c1ca2 alignfull uagb-is-root-container\"><div class=\"uagb-container-inner-blocks-wrap\">\n<div class=\"wp-block-uagb-info-box uagb-block-439a912a uagb-infobox__content-wrap  uagb-infobox-icon-above-title uagb-infobox-image-valign-top\"><div class=\"uagb-ifb-content\"><div class=\"uagb-ifb-title-wrap\"><h2 class=\"uagb-ifb-title\">Mining Geology<\/h2><\/div><div class=\"uagb-ifb-separator\"><\/div><p class=\"uagb-ifb-desc\">Our company provides comprehensive and specialized services in the field of mineral geology. Within this scope, exploration activities, reserve determination, geological modeling, and resource and reserve estimations are carried out meticulously. In addition, geological surveys are conducted on-site, soil and rock samples are collected, drilling processes are managed, and detailed mineral geology reports are prepared. <br><br>Upon request, subsurface (gallery) and surface geology as well as mineral geology maps and cross-sections are also meticulously prepared at any required scale.<br>All geological studies are meticulously conducted by our team of expert geological engineers, in full compliance with both national and international standards, ensuring the highest level of quality and reliability.<\/p><\/div><\/div>\n\n\n\n<div class=\"wp-block-uagb-image uagb-block-c2362fda wp-block-uagb-image--layout-default wp-block-uagb-image--effect-static wp-block-uagb-image--align-none\"><figure class=\"wp-block-uagb-image__figure\"><img loading=\"lazy\" decoding=\"async\" srcset=\"https:\/\/lavinmadencilik.com\/wp-content\/uploads\/2025\/05\/WhatsApp-Image-2025-05-16-at-18.44.22-1-768x1024.jpeg ,https:\/\/lavinmadencilik.com\/wp-content\/uploads\/2025\/05\/WhatsApp-Image-2025-05-16-at-18.44.22-1-scaled.jpeg 780w, https:\/\/lavinmadencilik.com\/wp-content\/uploads\/2025\/05\/WhatsApp-Image-2025-05-16-at-18.44.22-1-scaled.jpeg 360w\" sizes=\"auto, (max-width: 480px) 150px\" src=\"https:\/\/lavinmadencilik.com\/wp-content\/uploads\/2025\/05\/WhatsApp-Image-2025-05-16-at-18.44.22-1-768x1024.jpeg\" alt=\"\" class=\"uag-image-1671\" width=\"520\" height=\"347\" title=\"WhatsApp Image 2025-05-16 at 18.44.22 (1)\" role=\"img\"\/><\/figure><\/div>\n<\/div><\/div>\n\n\n\n<div class=\"wp-block-uagb-container uagb-block-ada1b635 alignfull uagb-is-root-container\"><div class=\"uagb-container-inner-blocks-wrap\">\n<div class=\"wp-block-uagb-advanced-heading uagb-block-85aae344\"><h4 class=\"uagb-heading-text\">Experience<\/h4><div class=\"uagb-separator\"><\/div><p class=\"uagb-desc-text\">We make a difference in the field with our experience gained through geological modeling, ore mapping, reserve estimation, and drill data analysis.<br><br>In numerous projects across different regions of Turkey, we develop site-specific solutions by combining the knowledge we've accumulated in various geological settings.<\/p><\/div>\n<\/div><\/div>","protected":false},"excerpt":{"rendered":"<p>Maden Jeolojisi Deneyimlerimiz Jeolojik modelleme, cevher haritalama, rezerv tahmini ve sondaj verisi analizinde kazand\u0131\u011f\u0131m\u0131z saha tecr\u00fcbemizle fark yarat\u0131yoruz. T\u00fcrkiye\u2019nin farkl\u0131 b\u00f6lgelerinde onlarca projede, farkl\u0131 jeolojik yap\u0131larda elde etti\u011fimiz bilgi birikimiyle her yeni sahaya \u00f6zel \u00e7\u00f6z\u00fcmler geli\u015ftiriyoruz.<\/p>","protected":false},"author":1,"featured_media":0,"parent":0,"menu_order":0,"comment_status":"closed","ping_status":"closed","template":"","meta":{"_uag_custom_page_level_css":"","site-sidebar-layout":"no-sidebar","site-content-layout":"plain-container","ast-site-content-layout":"full-width-container","site-content-style":"unboxed","site-sidebar-style":"unboxed","ast-global-header-display":"","ast-banner-title-visibility":"","ast-main-header-display":"","ast-hfb-above-header-display":"","ast-hfb-below-header-display":"","ast-hfb-mobile-header-display":"","site-post-title":"disabled","ast-breadcrumbs-content":"","ast-featured-img":"disabled","footer-sml-layout":"","theme-transparent-header-meta":"enabled","adv-header-id-meta":"","stick-header-meta":"","header-above-stick-meta":"","header-main-stick-meta":"","header-below-stick-meta":"","astra-migrate-meta-layouts":"set","ast-page-background-enabled":"default","ast-page-background-meta":{"desktop":{"background-color":"","background-image":"","background-repeat":"repeat","background-position":"center center","background-size":"auto","background-attachment":"scroll","background-type":"","background-media":"","overlay-type":"","overlay-color":"","overlay-opacity":"","overlay-gradient":""},"tablet":{"background-color":"","background-image":"","background-repeat":"repeat","background-position":"center center","background-size":"auto","background-attachment":"scroll","background-type":"","background-media":"","overlay-type":"","overlay-color":"","overlay-opacity":"","overlay-gradient":""},"mobile":{"background-color":"","background-image":"","background-repeat":"repeat","background-position":"center center","background-size":"auto","background-attachment":"scroll","background-type":"","background-media":"","overlay-type":"","overlay-color":"","overlay-opacity":"","overlay-gradient":""}},"ast-content-background-meta":{"desktop":{"background-color":"var(--ast-global-color-5)","background-image":"","background-repeat":"repeat","background-position":"center center","background-size":"auto","background-attachment":"scroll","background-type":"","background-media":"","overlay-type":"","overlay-color":"","overlay-opacity":"","overlay-gradient":""},"tablet":{"background-color":"var(--ast-global-color-5)","background-image":"","background-repeat":"repeat","background-position":"center center","background-size":"auto","background-attachment":"scroll","background-type":"","background-media":"","overlay-type":"","overlay-color":"","overlay-opacity":"","overlay-gradient":""},"mobile":{"background-color":"var(--ast-global-color-5)","background-image":"","background-repeat":"repeat","background-position":"center center","background-size":"auto","background-attachment":"scroll","background-type":"","background-media":"","overlay-type":"","overlay-color":"","overlay-opacity":"","overlay-gradient":""}},"footnotes":""},"class_list":["post-1380","page","type-page","status-publish","hentry"],"aioseo_notices":[],"uagb_featured_image_src":{"full":false,"thumbnail":false,"medium":false,"medium_large":false,"large":false,"1536x1536":false,"2048x2048":false,"trp-custom-language-flag":false,"awb_sm":false,"awb_md":false,"awb_lg":false,"awb_xl":false},"uagb_author_info":{"display_name":"admin","author_link":"https:\/\/lavinmadencilik.com\/en\/author\/admin\/"},"uagb_comment_info":0,"uagb_excerpt":"Maden Jeolojisi Deneyimlerimiz Jeolojik modelleme, cevher haritalama, rezerv tahmini ve sondaj verisi analizinde kazand\u0131\u011f\u0131m\u0131z saha tecr\u00fcbemizle fark yarat\u0131yoruz. T\u00fcrkiye\u2019nin farkl\u0131 b\u00f6lgelerinde onlarca projede, farkl\u0131 jeolojik yap\u0131larda elde etti\u011fimiz bilgi birikimiyle her yeni sahaya \u00f6zel \u00e7\u00f6z\u00fcmler geli\u015ftiriyoruz.","brizy_media":[],"_links":{"self":[{"href":"https:\/\/lavinmadencilik.com\/en\/wp-json\/wp\/v2\/pages\/1380","targetHints":{"allow":["GET"]}}],"collection":[{"href":"https:\/\/lavinmadencilik.com\/en\/wp-json\/wp\/v2\/pages"}],"about":[{"href":"https:\/\/lavinmadencilik.com\/en\/wp-json\/wp\/v2\/types\/page"}],"author":[{"embeddable":true,"href":"https:\/\/lavinmadencilik.com\/en\/wp-json\/wp\/v2\/users\/1"}],"replies":[{"embeddable":true,"href":"https:\/\/lavinmadencilik.com\/en\/wp-json\/wp\/v2\/comments?post=1380"}],"version-history":[{"count":9,"href":"https:\/\/lavinmadencilik.com\/en\/wp-json\/wp\/v2\/pages\/1380\/revisions"}],"predecessor-version":[{"id":1672,"href":"https:\/\/lavinmadencilik.com\/en\/wp-json\/wp\/v2\/pages\/1380\/revisions\/1672"}],"wp:attachment":[{"href":"https:\/\/lavinmadencilik.com\/en\/wp-json\/wp\/v2\/media?parent=1380"}],"curies":[{"name":"wp","href":"https:\/\/api.w.org\/{rel}","templated":true}]}}