{"id":1633,"date":"2025-05-16T18:57:04","date_gmt":"2025-05-16T15:57:04","guid":{"rendered":"https:\/\/lavinmadencilik.com\/?page_id=1633"},"modified":"2025-05-16T19:15:11","modified_gmt":"2025-05-16T16:15:11","slug":"mimarlik","status":"publish","type":"page","link":"https:\/\/lavinmadencilik.com\/en\/mimarlik\/","title":{"rendered":"Architecture"},"content":{"rendered":"<div class=\"wp-block-uagb-container uagb-block-25efe059 alignfull uagb-is-root-container\"><div class=\"uagb-container-inner-blocks-wrap\">\n<div class=\"wp-block-uagb-advanced-heading uagb-block-152b2cf8\"><h1 class=\"uagb-heading-text\">Architecture<\/h1><\/div>\n<\/div><\/div>\n\n\n\n<div class=\"wp-block-uagb-container uagb-layout-grid uagb-block-c07c1ca2 alignfull uagb-is-root-container\"><div class=\"uagb-container-inner-blocks-wrap\">\n<div class=\"wp-block-uagb-info-box uagb-block-439a912a uagb-infobox__content-wrap  uagb-infobox-icon-above-title uagb-infobox-image-valign-top\"><div class=\"uagb-ifb-content\"><div class=\"uagb-ifb-title-wrap\"><h2 class=\"uagb-ifb-title\">Architecture<\/h2><\/div><div class=\"uagb-ifb-separator\"><\/div><p class=\"uagb-ifb-desc\"><strong>Bringing Your Imagination to Life Through Design<\/strong><br><br>We design your living and working spaces with a unique approach that blends aesthetics, functionality, and quality.<br><br>In architectural and interior design projects, we offer concept development, 3D visualization, and turnkey solutions in both modern and classical styles.<br><br>In every project, ergonomics, sustainability, and user-centered design are prioritized. We have extensive experience in various building types, including residential buildings, offices, villas, hotels, stores, and restaurants.<\/p><\/div><\/div>\n\n\n\n<div class=\"wp-block-uagb-image uagb-block-c2362fda wp-block-uagb-image--layout-default wp-block-uagb-image--effect-static wp-block-uagb-image--align-none\"><figure class=\"wp-block-uagb-image__figure\"><img loading=\"lazy\" decoding=\"async\" srcset=\"https:\/\/lavinmadencilik.com\/wp-content\/uploads\/2025\/05\/pexels-pixabay-416405-1024x640.jpg ,https:\/\/lavinmadencilik.com\/wp-content\/uploads\/2025\/05\/pexels-pixabay-416405-scaled.jpg 780w, https:\/\/lavinmadencilik.com\/wp-content\/uploads\/2025\/05\/pexels-pixabay-416405-scaled.jpg 360w\" sizes=\"auto, (max-width: 480px) 150px\" src=\"https:\/\/lavinmadencilik.com\/wp-content\/uploads\/2025\/05\/pexels-pixabay-416405-1024x640.jpg\" alt=\"\" class=\"uag-image-1637\" width=\"520\" height=\"347\" title=\"pexels-pixabay-416405\" role=\"img\"\/><\/figure><\/div>\n<\/div><\/div>\n\n\n\n<div class=\"wp-block-uagb-container uagb-block-ada1b635 alignfull uagb-is-root-container\"><div class=\"uagb-container-inner-blocks-wrap\">\n<div class=\"wp-block-uagb-advanced-heading uagb-block-85aae344\"><h4 class=\"uagb-heading-text\">Areas of Expertise<\/h4><div class=\"uagb-separator\"><\/div><p class=\"uagb-desc-text\">\u2022 Modern and classical architectural design<br><br>\u2022 Interior concept design and implementation<br><br>\u2022 Design of residences, villas, offices, hotels, stores, and restaurants<br><br>\u2022 Functional, aesthetic, and ergonomic living spaces<br><br>\u2022 3D visualization and architectural presentations<br><br>\u2022 Turnkey decoration and renovation solutions<\/p><\/div>\n\n\n\n<div class=\"wp-block-group is-layout-constrained wp-block-group-is-layout-constrained\">\n<div class=\"wp-block-uagb-image uagb-block-fea17920 wp-block-uagb-image--layout-default wp-block-uagb-image--effect-static wp-block-uagb-image--align-none\"><figure class=\"wp-block-uagb-image__figure\"><img loading=\"lazy\" decoding=\"async\" srcset=\"https:\/\/lavinmadencilik.com\/wp-content\/uploads\/2025\/05\/ChatGPT-Image-16-May-2025-19_06_45.png ,https:\/\/lavinmadencilik.com\/wp-content\/uploads\/2025\/05\/ChatGPT-Image-16-May-2025-19_06_45.png 780w, https:\/\/lavinmadencilik.com\/wp-content\/uploads\/2025\/05\/ChatGPT-Image-16-May-2025-19_06_45.png 360w\" sizes=\"auto, (max-width: 480px) 150px\" src=\"https:\/\/lavinmadencilik.com\/wp-content\/uploads\/2025\/05\/ChatGPT-Image-16-May-2025-19_06_45.png\" alt=\"\" class=\"uag-image-1643\" width=\"1024\" height=\"1024\" title=\"ChatGPT Image 16 May 2025 19_06_45\" role=\"img\"\/><\/figure><\/div>\n<\/div>\n<\/div><\/div>\n\n\n\n<div class=\"wp-block-uagb-container uagb-layout-grid uagb-block-73f85bd9 alignfull uagb-is-root-container\"><div class=\"uagb-container-inner-blocks-wrap\">\n<div class=\"wp-block-uagb-info-box uagb-block-3b23e091 uagb-infobox__content-wrap  uagb-infobox-icon-above-title uagb-infobox-image-valign-top\"><div class=\"uagb-ifb-content\"><div class=\"uagb-ifb-title-wrap\"><h5 class=\"uagb-ifb-title\"><strong>In addition, we construct, lease, and market the buildings we design.<\/strong><\/h5><\/div><div class=\"uagb-ifb-separator\"><\/div><p class=\"uagb-ifb-desc\">For your private and governmental projects, both domestically and internationally;<br><br>\ud83d\udd39 Professional Team<br>\ud83d\udd39 Punctual Project Completion<br>\ud83d\udd39Exceptional Client Satisfaction<\/p><\/div><\/div>\n\n\n\n<div class=\"wp-block-uagb-image uagb-block-a9061840 wp-block-uagb-image--layout-default wp-block-uagb-image--effect-static wp-block-uagb-image--align-none\"><figure class=\"wp-block-uagb-image__figure\"><img loading=\"lazy\" decoding=\"async\" srcset=\"https:\/\/lavinmadencilik.com\/wp-content\/uploads\/2025\/05\/ChatGPT-Image-16-May-2025-19_13_.png?wsr ,https:\/\/lavinmadencilik.com\/wp-content\/uploads\/2025\/05\/ChatGPT-Image-16-May-2025-19_13_.png 780w, https:\/\/lavinmadencilik.com\/wp-content\/uploads\/2025\/05\/ChatGPT-Image-16-May-2025-19_13_.png 360w\" sizes=\"auto, (max-width: 480px) 150px\" src=\"https:\/\/lavinmadencilik.com\/wp-content\/uploads\/2025\/05\/ChatGPT-Image-16-May-2025-19_13_.png?wsr\" alt=\"\" class=\"uag-image-1651\" width=\"800\" height=\"800\" title=\"ChatGPT Image 16 May 2025 19_13_\" role=\"img\"\/><\/figure><\/div>\n<\/div><\/div>\n\n\n\n<p><\/p>","protected":false},"excerpt":{"rendered":"<p>M\u0130MARLIK Hizmet Alanlar\u0131m\u0131z \u2022 Modern ve klasik mimari projelendirme \u2022 \u0130\u00e7 mimari konsept tasar\u0131m\u0131 ve uygulama \u2022 Konut, villa, otel, ofis, ma\u011faza, restoran tasar\u0131mlar\u0131 \u2022 Fonksiyonel, estetik ve ergonomik ya\u015fam alanlar\u0131 \u2022 3D g\u00f6rselle\u015ftirme ve mimari sunumlar \u2022 Anahtar teslim dekorasyon ve tadilat \u00e7\u00f6z\u00fcmleri<\/p>","protected":false},"author":1,"featured_media":0,"parent":0,"menu_order":0,"comment_status":"closed","ping_status":"closed","template":"","meta":{"_uag_custom_page_level_css":"","site-sidebar-layout":"no-sidebar","site-content-layout":"plain-container","ast-site-content-layout":"full-width-container","site-content-style":"unboxed","site-sidebar-style":"unboxed","ast-global-header-display":"","ast-banner-title-visibility":"","ast-main-header-display":"","ast-hfb-above-header-display":"","ast-hfb-below-header-display":"","ast-hfb-mobile-header-display":"","site-post-title":"disabled","ast-breadcrumbs-content":"","ast-featured-img":"disabled","footer-sml-layout":"","theme-transparent-header-meta":"enabled","adv-header-id-meta":"","stick-header-meta":"","header-above-stick-meta":"","header-main-stick-meta":"","header-below-stick-meta":"","astra-migrate-meta-layouts":"set","ast-page-background-enabled":"default","ast-page-background-meta":{"desktop":{"background-color":"","background-image":"","background-repeat":"repeat","background-position":"center center","background-size":"auto","background-attachment":"scroll","background-type":"","background-media":"","overlay-type":"","overlay-color":"","overlay-opacity":"","overlay-gradient":""},"tablet":{"background-color":"","background-image":"","background-repeat":"repeat","background-position":"center center","background-size":"auto","background-attachment":"scroll","background-type":"","background-media":"","overlay-type":"","overlay-color":"","overlay-opacity":"","overlay-gradient":""},"mobile":{"background-color":"","background-image":"","background-repeat":"repeat","background-position":"center center","background-size":"auto","background-attachment":"scroll","background-type":"","background-media":"","overlay-type":"","overlay-color":"","overlay-opacity":"","overlay-gradient":""}},"ast-content-background-meta":{"desktop":{"background-color":"var(--ast-global-color-5)","background-image":"","background-repeat":"repeat","background-position":"center center","background-size":"auto","background-attachment":"scroll","background-type":"","background-media":"","overlay-type":"","overlay-color":"","overlay-opacity":"","overlay-gradient":""},"tablet":{"background-color":"var(--ast-global-color-5)","background-image":"","background-repeat":"repeat","background-position":"center center","background-size":"auto","background-attachment":"scroll","background-type":"","background-media":"","overlay-type":"","overlay-color":"","overlay-opacity":"","overlay-gradient":""},"mobile":{"background-color":"var(--ast-global-color-5)","background-image":"","background-repeat":"repeat","background-position":"center center","background-size":"auto","background-attachment":"scroll","background-type":"","background-media":"","overlay-type":"","overlay-color":"","overlay-opacity":"","overlay-gradient":""}},"footnotes":""},"class_list":["post-1633","page","type-page","status-publish","hentry"],"aioseo_notices":[],"uagb_featured_image_src":{"full":false,"thumbnail":false,"medium":false,"medium_large":false,"large":false,"1536x1536":false,"2048x2048":false,"trp-custom-language-flag":false,"awb_sm":false,"awb_md":false,"awb_lg":false,"awb_xl":false},"uagb_author_info":{"display_name":"admin","author_link":"https:\/\/lavinmadencilik.com\/en\/author\/admin\/"},"uagb_comment_info":0,"uagb_excerpt":"M\u0130MARLIK Hizmet Alanlar\u0131m\u0131z \u2022 Modern ve klasik mimari projelendirme \u2022 \u0130\u00e7 mimari konsept tasar\u0131m\u0131 ve uygulama \u2022 Konut, villa, otel, ofis, ma\u011faza, restoran tasar\u0131mlar\u0131 \u2022 Fonksiyonel, estetik ve ergonomik ya\u015fam alanlar\u0131 \u2022 3D g\u00f6rselle\u015ftirme ve mimari sunumlar \u2022 Anahtar teslim dekorasyon ve tadilat \u00e7\u00f6z\u00fcmleri","brizy_media":[],"_links":{"self":[{"href":"https:\/\/lavinmadencilik.com\/en\/wp-json\/wp\/v2\/pages\/1633","targetHints":{"allow":["GET"]}}],"collection":[{"href":"https:\/\/lavinmadencilik.com\/en\/wp-json\/wp\/v2\/pages"}],"about":[{"href":"https:\/\/lavinmadencilik.com\/en\/wp-json\/wp\/v2\/types\/page"}],"author":[{"embeddable":true,"href":"https:\/\/lavinmadencilik.com\/en\/wp-json\/wp\/v2\/users\/1"}],"replies":[{"embeddable":true,"href":"https:\/\/lavinmadencilik.com\/en\/wp-json\/wp\/v2\/comments?post=1633"}],"version-history":[{"count":9,"href":"https:\/\/lavinmadencilik.com\/en\/wp-json\/wp\/v2\/pages\/1633\/revisions"}],"predecessor-version":[{"id":1653,"href":"https:\/\/lavinmadencilik.com\/en\/wp-json\/wp\/v2\/pages\/1633\/revisions\/1653"}],"wp:attachment":[{"href":"https:\/\/lavinmadencilik.com\/en\/wp-json\/wp\/v2\/media?parent=1633"}],"curies":[{"name":"wp","href":"https:\/\/api.w.org\/{rel}","templated":true}]}}