{"id":913,"date":"2025-05-03T16:05:58","date_gmt":"2025-05-03T13:05:58","guid":{"rendered":"http:\/\/localhost\/jeoloji\/about\/"},"modified":"2025-06-23T15:37:23","modified_gmt":"2025-06-23T12:37:23","slug":"about","status":"publish","type":"page","link":"https:\/\/lavinmadencilik.com\/en\/about\/","title":{"rendered":"ABOUT US"},"content":{"rendered":"<div class=\"wp-block-uagb-container uagb-block-25efe059 alignfull uagb-is-root-container\"><div class=\"uagb-container-inner-blocks-wrap\">\n<div class=\"wp-block-uagb-advanced-heading uagb-block-152b2cf8\"><h1 class=\"uagb-heading-text\">Who Are We?<\/h1><\/div>\n<\/div><\/div>\n\n\n\n<div class=\"wp-block-group is-layout-constrained wp-block-group-is-layout-constrained\">\n<div class=\"wp-block-group is-layout-constrained wp-block-group-is-layout-constrained\">\n<div class=\"wp-block-uagb-container uagb-layout-grid uagb-block-c07c1ca2 alignfull uagb-is-root-container\"><div class=\"uagb-container-inner-blocks-wrap\">\n<div class=\"wp-block-uagb-info-box uagb-block-439a912a uagb-infobox__content-wrap  uagb-infobox-icon-above-title uagb-infobox-image-valign-top\"><div class=\"uagb-ifb-content\"><div class=\"uagb-ifb-title-wrap\"><h2 class=\"uagb-ifb-title\">About Us<\/h2><\/div><div class=\"uagb-ifb-separator\"><\/div><p class=\"uagb-ifb-desc\">Lavin Mining, Engineering, Architecture and Consultancy Services Limited Company was established in April 2025 with the financial support provided under the KOSGEB Entrepreneurship Support Program.<br>As Lavin Mining, we offer engineering, consultancy, and audit services in the processes from exploration to operation in the geology and mining sector.\nWith our expert team, we provide services such as mineral exploration drilling, geological modeling, reserve estimation, and ground studies \u2014 all built on scientific foundations to ensure reliable and sustainable project outcomes.\n\nWe not only meet customer expectations, but also embrace a vision.\nBy complying with UMRER, JORC, NI-43-101 standards and national\/international reporting systems, we prepare your project reports to meet global criteria and bring your project to the global market.<br>- <strong>-<\/strong> -<br><br><strong>What Do We Do?<\/strong><br><br>    - Mineral exploration and drilling services<br>    - Geological and geophysical studies<br>    - Ore modeling and reserve estimation<br>    \u00b7 Architectural consulting<br>    - Soil investigation and geotechnical projects<br>    - Permit consultancy and mining operation projects<br>    - Geothermal and natural resource analyses<br>   - National\/International reporting and feasibility studies<br>   - Supply of mining machinery and systems<\/p><\/div><\/div>\n\n\n\n<div class=\"wp-block-group is-layout-constrained wp-block-group-is-layout-constrained\">\n<div class=\"wp-block-group is-layout-constrained wp-block-group-is-layout-constrained\">\n<div class=\"wp-block-uagb-image uagb-block-c2362fda wp-block-uagb-image--layout-default wp-block-uagb-image--effect-static wp-block-uagb-image--align-none\"><figure class=\"wp-block-uagb-image__figure\"><img loading=\"lazy\" decoding=\"async\" srcset=\"https:\/\/lavinmadencilik.com\/wp-content\/uploads\/2025\/05\/IMG_6517.jpg ,https:\/\/lavinmadencilik.com\/wp-content\/uploads\/2025\/05\/IMG_6517.jpg 780w, https:\/\/lavinmadencilik.com\/wp-content\/uploads\/2025\/05\/IMG_6517.jpg 360w\" sizes=\"auto, (max-width: 480px) 150px\" src=\"https:\/\/lavinmadencilik.com\/wp-content\/uploads\/2025\/05\/IMG_6517.jpg\" alt=\"\" class=\"uag-image-1406\" width=\"520\" height=\"347\" title=\"IMG_6517\" role=\"img\"\/><\/figure><\/div>\n<\/div>\n<\/div>\n<\/div><\/div>\n<\/div>\n<\/div>\n\n\n\n<div class=\"wp-block-uagb-container uagb-block-ada1b635 alignfull uagb-is-root-container\"><div class=\"uagb-container-inner-blocks-wrap\">\n<div class=\"wp-block-uagb-advanced-heading uagb-block-85aae344\"><h4 class=\"uagb-heading-text\">\ud83c\udfaf <strong>Our Mission<\/strong><\/h4><div class=\"uagb-separator\"><\/div><p class=\"uagb-desc-text\">We aim to offer reliable and scientifically based solutions in the field of geology and mining.<br><br>By prioritizing quality, environmental awareness, and occupational safety, we contribute to the sector.<br><br>We create added value for the economy by forming strong collaborations with national and international partners.<\/p><\/div>\n\n\n\n<div class=\"wp-block-uagb-container uagb-block-03a254f1\">\n<div class=\"wp-block-uagb-advanced-heading uagb-block-f897f70d\"><h4 class=\"uagb-heading-text\">\ud83c\udf0d <strong>Our Vision<\/strong><\/h4><div class=\"uagb-separator\"><\/div><p class=\"uagb-desc-text\">To become Turkey\u2019s and the region\u2019s leading technical consultancy company in geological and mining services.<br>To create impact by integrating innovative technologies and digital solutions into our projects.<br>To become a symbol of trust and quality by offering services at international standards.<\/p><\/div>\n\n\n\n<div class=\"wp-block-uagb-icon-list uagb-block-300b72ce\"><div class=\"uagb-icon-list__wrap\">\n<div class=\"wp-block-uagb-icon-list-child uagb-block-d455880d\"><a target=\"_self\" aria-label=\"\u00c7evreye duyarl\u0131 madencilik\" rel=\"noopener noreferrer\" href=\"#\"> <\/a><span class=\"uagb-icon-list__source-wrap\"><svg xmlns=\"https:\/\/www.w3.org\/2000\/svg\" viewbox=\"0 0 448 512\"><path d=\"M400 288h-352c-17.69 0-32-14.32-32-32.01s14.31-31.99 32-31.99h352c17.69 0 32 14.3 32 31.99S417.7 288 400 288z\"><\/path><\/svg><\/span><span class=\"uagb-icon-list__label\">\u00c7evreye duyarl\u0131 madencilik<\/span><\/div>\n\n\n\n<div class=\"wp-block-uagb-icon-list-child uagb-block-ded7d9ca\"><a target=\"_self\" aria-label=\"Yenilik\u00e7i Ar-Ge \u00e7\u00f6z\u00fcmleri\" rel=\"noopener noreferrer\" href=\"#\"> <\/a><span class=\"uagb-icon-list__source-wrap\"><svg xmlns=\"https:\/\/www.w3.org\/2000\/svg\" viewbox=\"0 0 448 512\"><path d=\"M400 288h-352c-17.69 0-32-14.32-32-32.01s14.31-31.99 32-31.99h352c17.69 0 32 14.3 32 31.99S417.7 288 400 288z\"><\/path><\/svg><\/span><span class=\"uagb-icon-list__label\">Yenilik\u00e7i Ar-Ge \u00e7\u00f6z\u00fcmleri<\/span><\/div>\n\n\n\n<div class=\"wp-block-uagb-icon-list-child uagb-block-381a9445\"><a target=\"_self\" aria-label=\"Global i\u015f birli\u011fi g\u00fcc\u00fc\" rel=\"noopener noreferrer\" href=\"#\"> <\/a><span class=\"uagb-icon-list__source-wrap\"><svg xmlns=\"https:\/\/www.w3.org\/2000\/svg\" viewbox=\"0 0 448 512\"><path d=\"M400 288h-352c-17.69 0-32-14.32-32-32.01s14.31-31.99 32-31.99h352c17.69 0 32 14.3 32 31.99S417.7 288 400 288z\"><\/path><\/svg><\/span><span class=\"uagb-icon-list__label\">Global i\u015f birli\u011fi g\u00fcc\u00fc<\/span><\/div>\n<\/div><\/div>\n<\/div>\n<\/div><\/div>","protected":false},"excerpt":{"rendered":"<p>Biz Kimiz ? \ud83c\udfaf Misyonumuz M\u00fc\u015fterilerimize jeoloji ve madencilik alan\u0131nda g\u00fcvenilir, bilimsel temellere dayal\u0131 ve s\u00fcrd\u00fcr\u00fclebilir \u00e7\u00f6z\u00fcmler sunmak. Kaliteyi, \u00e7evreye duyarl\u0131l\u0131\u011f\u0131 ve i\u015f g\u00fcvenli\u011fini \u00f6n planda tutarak sekt\u00f6r\u00fcn geli\u015fimine katk\u0131 sa\u011flamak. Yerli ve uluslararas\u0131 i\u015f ortaklar\u0131m\u0131zla g\u00fc\u00e7l\u00fc ba\u011flar kurarak \u00fclke ekonomisine de\u011fer katmak. \ud83c\udf0d Vizyonumuz Jeoloji ve madencilik hizmetlerinde T\u00fcrkiye\u2019nin ve b\u00f6lgenin lider teknik dan\u0131\u015fmanl\u0131k [&hellip;]<\/p>","protected":false},"author":1,"featured_media":0,"parent":0,"menu_order":0,"comment_status":"closed","ping_status":"closed","template":"","meta":{"_uag_custom_page_level_css":"","site-sidebar-layout":"no-sidebar","site-content-layout":"plain-container","ast-site-content-layout":"full-width-container","site-content-style":"unboxed","site-sidebar-style":"unboxed","ast-global-header-display":"","ast-banner-title-visibility":"","ast-main-header-display":"","ast-hfb-above-header-display":"","ast-hfb-below-header-display":"","ast-hfb-mobile-header-display":"","site-post-title":"disabled","ast-breadcrumbs-content":"","ast-featured-img":"disabled","footer-sml-layout":"","theme-transparent-header-meta":"enabled","adv-header-id-meta":"","stick-header-meta":"","header-above-stick-meta":"","header-main-stick-meta":"","header-below-stick-meta":"","astra-migrate-meta-layouts":"set","ast-page-background-enabled":"default","ast-page-background-meta":{"desktop":{"background-color":"","background-image":"","background-repeat":"repeat","background-position":"center center","background-size":"auto","background-attachment":"scroll","background-type":"","background-media":"","overlay-type":"","overlay-color":"","overlay-opacity":"","overlay-gradient":""},"tablet":{"background-color":"","background-image":"","background-repeat":"repeat","background-position":"center center","background-size":"auto","background-attachment":"scroll","background-type":"","background-media":"","overlay-type":"","overlay-color":"","overlay-opacity":"","overlay-gradient":""},"mobile":{"background-color":"","background-image":"","background-repeat":"repeat","background-position":"center center","background-size":"auto","background-attachment":"scroll","background-type":"","background-media":"","overlay-type":"","overlay-color":"","overlay-opacity":"","overlay-gradient":""}},"ast-content-background-meta":{"desktop":{"background-color":"var(--ast-global-color-5)","background-image":"","background-repeat":"repeat","background-position":"center center","background-size":"auto","background-attachment":"scroll","background-type":"","background-media":"","overlay-type":"","overlay-color":"","overlay-opacity":"","overlay-gradient":""},"tablet":{"background-color":"var(--ast-global-color-5)","background-image":"","background-repeat":"repeat","background-position":"center center","background-size":"auto","background-attachment":"scroll","background-type":"","background-media":"","overlay-type":"","overlay-color":"","overlay-opacity":"","overlay-gradient":""},"mobile":{"background-color":"var(--ast-global-color-5)","background-image":"","background-repeat":"repeat","background-position":"center center","background-size":"auto","background-attachment":"scroll","background-type":"","background-media":"","overlay-type":"","overlay-color":"","overlay-opacity":"","overlay-gradient":""}},"footnotes":""},"class_list":["post-913","page","type-page","status-publish","hentry"],"aioseo_notices":[],"uagb_featured_image_src":{"full":false,"thumbnail":false,"medium":false,"medium_large":false,"large":false,"1536x1536":false,"2048x2048":false,"trp-custom-language-flag":false,"awb_sm":false,"awb_md":false,"awb_lg":false,"awb_xl":false},"uagb_author_info":{"display_name":"admin","author_link":"https:\/\/lavinmadencilik.com\/en\/author\/admin\/"},"uagb_comment_info":0,"uagb_excerpt":"Biz Kimiz ? \ud83c\udfaf Misyonumuz M\u00fc\u015fterilerimize jeoloji ve madencilik alan\u0131nda g\u00fcvenilir, bilimsel temellere dayal\u0131 ve s\u00fcrd\u00fcr\u00fclebilir \u00e7\u00f6z\u00fcmler sunmak. Kaliteyi, \u00e7evreye duyarl\u0131l\u0131\u011f\u0131 ve i\u015f g\u00fcvenli\u011fini \u00f6n planda tutarak sekt\u00f6r\u00fcn geli\u015fimine katk\u0131 sa\u011flamak. Yerli ve uluslararas\u0131 i\u015f ortaklar\u0131m\u0131zla g\u00fc\u00e7l\u00fc ba\u011flar kurarak \u00fclke ekonomisine de\u011fer katmak. \ud83c\udf0d Vizyonumuz Jeoloji ve madencilik hizmetlerinde T\u00fcrkiye\u2019nin ve b\u00f6lgenin lider teknik dan\u0131\u015fmanl\u0131k&hellip;","brizy_media":[],"_links":{"self":[{"href":"https:\/\/lavinmadencilik.com\/en\/wp-json\/wp\/v2\/pages\/913","targetHints":{"allow":["GET"]}}],"collection":[{"href":"https:\/\/lavinmadencilik.com\/en\/wp-json\/wp\/v2\/pages"}],"about":[{"href":"https:\/\/lavinmadencilik.com\/en\/wp-json\/wp\/v2\/types\/page"}],"author":[{"embeddable":true,"href":"https:\/\/lavinmadencilik.com\/en\/wp-json\/wp\/v2\/users\/1"}],"replies":[{"embeddable":true,"href":"https:\/\/lavinmadencilik.com\/en\/wp-json\/wp\/v2\/comments?post=913"}],"version-history":[{"count":12,"href":"https:\/\/lavinmadencilik.com\/en\/wp-json\/wp\/v2\/pages\/913\/revisions"}],"predecessor-version":[{"id":1708,"href":"https:\/\/lavinmadencilik.com\/en\/wp-json\/wp\/v2\/pages\/913\/revisions\/1708"}],"wp:attachment":[{"href":"https:\/\/lavinmadencilik.com\/en\/wp-json\/wp\/v2\/media?parent=913"}],"curies":[{"name":"wp","href":"https:\/\/api.w.org\/{rel}","templated":true}]}}