{"id":914,"date":"2025-05-03T16:05:58","date_gmt":"2025-05-03T13:05:58","guid":{"rendered":"http:\/\/localhost\/jeoloji\/projects\/"},"modified":"2025-05-17T11:01:14","modified_gmt":"2025-05-17T08:01:14","slug":"projects","status":"publish","type":"page","link":"https:\/\/lavinmadencilik.com\/en\/projects\/","title":{"rendered":"OUR SERVICES"},"content":{"rendered":"<div class=\"wp-block-uagb-container uagb-block-25efe059 alignfull uagb-is-root-container\"><div class=\"uagb-container-inner-blocks-wrap\">\n<div class=\"wp-block-uagb-advanced-heading uagb-block-152b2cf8\"><h1 class=\"uagb-heading-text\">Our Services<\/h1><\/div>\n<\/div><\/div>\n\n\n\n<div class=\"wp-block-columns is-layout-flex wp-container-core-columns-is-layout-28f84493 wp-block-columns-is-layout-flex\">\n<div class=\"wp-block-column is-layout-flow wp-block-column-is-layout-flow\" style=\"flex-basis:100%\">\n<div class=\"wp-block-uagb-container uagb-block-6b62057a alignfull uagb-is-root-container\"><div class=\"uagb-container-inner-blocks-wrap\">\n<figure class=\"wp-block-image size-full\"><img fetchpriority=\"high\" decoding=\"async\" width=\"2560\" height=\"1920\" src=\"https:\/\/lavinmadencilik.com\/wp-content\/uploads\/2025\/05\/IMG_0379-scaled.jpg\" alt=\"\" class=\"wp-image-1474\" style=\"aspect-ratio:16\/9;object-fit:cover\" srcset=\"https:\/\/lavinmadencilik.com\/wp-content\/uploads\/2025\/05\/IMG_0379-scaled.jpg 2560w, https:\/\/lavinmadencilik.com\/wp-content\/uploads\/2025\/05\/IMG_0379-300x225.jpg 300w, https:\/\/lavinmadencilik.com\/wp-content\/uploads\/2025\/05\/IMG_0379-1024x768.jpg 1024w, https:\/\/lavinmadencilik.com\/wp-content\/uploads\/2025\/05\/IMG_0379-768x576.jpg 768w, https:\/\/lavinmadencilik.com\/wp-content\/uploads\/2025\/05\/IMG_0379-1536x1152.jpg 1536w, https:\/\/lavinmadencilik.com\/wp-content\/uploads\/2025\/05\/IMG_0379-2048x1536.jpg 2048w, https:\/\/lavinmadencilik.com\/wp-content\/uploads\/2025\/05\/IMG_0379-500x375.jpg 500w, https:\/\/lavinmadencilik.com\/wp-content\/uploads\/2025\/05\/IMG_0379-800x600.jpg 800w, https:\/\/lavinmadencilik.com\/wp-content\/uploads\/2025\/05\/IMG_0379-1280x960.jpg 1280w, https:\/\/lavinmadencilik.com\/wp-content\/uploads\/2025\/05\/IMG_0379-1920x1440.jpg 1920w\" sizes=\"(max-width: 2560px) 100vw, 2560px\" \/><\/figure>\n\n\n\n<div class=\"wp-block-uagb-advanced-heading uagb-block-48b2f392\"><h2 class=\"uagb-heading-text\">Mining Geology<\/h2><\/div>\n\n\n\n<p><strong>Exploring the Depths of Nature Through Science<\/strong><\/p>\n\n\n\n<p>Lavin Mining, we conduct detailed geological studies for accurate modeling and evaluation of underground resources in the field of mining geology.\nWe offer expert solutions in key areas such as underground and open-pit geological mapping, ore modeling, mineral distribution analysis, and interpretation of drilling data.\nOur team works with project-specific and site-specific data to provide reliable reserve estimations.<\/p>\n\n\n\n<div class=\"wp-block-uagb-buttons uagb-buttons__outer-wrap uagb-btn__default-btn uagb-btn-tablet__default-btn uagb-btn-mobile__default-btn uagb-block-8dd260c4\"><div class=\"uagb-buttons__wrap uagb-buttons-layout-wrap\">\n<div class=\"wp-block-uagb-buttons-child uagb-buttons__outer-wrap uagb-block-6983efd2 wp-block-button\"><div class=\"uagb-button__wrapper\"><a class=\"uagb-buttons-repeater wp-block-button__link\" aria-label=\"\" href=\"https:\/\/lavinmadencilik.com\/en\/maden-jeolojisi\/\" rel=\"follow noopener\" target=\"_self\" role=\"button\"><div class=\"uagb-button__link\">Learn More<\/div><\/a><\/div><\/div>\n<\/div><\/div>\n<\/div><\/div>\n<\/div>\n<\/div>\n\n\n\n<div class=\"wp-block-columns is-layout-flex wp-container-core-columns-is-layout-28f84493 wp-block-columns-is-layout-flex\">\n<div class=\"wp-block-column is-layout-flow wp-block-column-is-layout-flow\" style=\"flex-basis:100%\">\n<div class=\"wp-block-uagb-container uagb-block-ec28f87c alignfull uagb-is-root-container\"><div class=\"uagb-container-inner-blocks-wrap\">\n<figure class=\"wp-block-image size-full\"><img decoding=\"async\" width=\"1536\" height=\"1024\" src=\"https:\/\/lavinmadencilik.com\/wp-content\/uploads\/2025\/05\/ChatGPT-Image-7-May-2025-17_43_57.png\" alt=\"\" class=\"wp-image-1471\" style=\"aspect-ratio:16\/9;object-fit:cover\" srcset=\"https:\/\/lavinmadencilik.com\/wp-content\/uploads\/2025\/05\/ChatGPT-Image-7-May-2025-17_43_57.png 1536w, https:\/\/lavinmadencilik.com\/wp-content\/uploads\/2025\/05\/ChatGPT-Image-7-May-2025-17_43_57-300x200.png 300w, https:\/\/lavinmadencilik.com\/wp-content\/uploads\/2025\/05\/ChatGPT-Image-7-May-2025-17_43_57-1024x683.png 1024w, https:\/\/lavinmadencilik.com\/wp-content\/uploads\/2025\/05\/ChatGPT-Image-7-May-2025-17_43_57-768x512.png 768w, https:\/\/lavinmadencilik.com\/wp-content\/uploads\/2025\/05\/ChatGPT-Image-7-May-2025-17_43_57-500x333.png 500w, https:\/\/lavinmadencilik.com\/wp-content\/uploads\/2025\/05\/ChatGPT-Image-7-May-2025-17_43_57-800x533.png 800w, https:\/\/lavinmadencilik.com\/wp-content\/uploads\/2025\/05\/ChatGPT-Image-7-May-2025-17_43_57-1280x853.png 1280w\" sizes=\"(max-width: 1536px) 100vw, 1536px\" \/><\/figure>\n\n\n\n<div class=\"wp-block-uagb-advanced-heading uagb-block-3795ec99\"><h2 class=\"uagb-heading-text\">Mineral Exploration<\/h2><\/div>\n\n\n\n<p><strong>Exploring Tomorrow\u2019s Ores Today<\/strong><\/p>\n\n\n\n<p>In our mineral exploration projects, we achieve high success rates by combining geophysics, geochemistry, and drilling techniques. Through various projects conducted across different regions in Turkey and abroad, we have identified the presence of many valuable and strategic minerals such as gold, copper, zinc, and iron.\nOur exploration activities are reported in compliance with UMREK and JORC standards.<\/p>\n\n\n\n<div class=\"wp-block-uagb-buttons uagb-buttons__outer-wrap uagb-btn__default-btn uagb-btn-tablet__default-btn uagb-btn-mobile__default-btn uagb-block-d67c717f\"><div class=\"uagb-buttons__wrap uagb-buttons-layout-wrap\">\n<div class=\"wp-block-uagb-buttons-child uagb-buttons__outer-wrap uagb-block-6185308b wp-block-button\"><div class=\"uagb-button__wrapper\"><a class=\"uagb-buttons-repeater wp-block-button__link\" aria-label=\"\" href=\"https:\/\/lavinmadencilik.com\/en\/maden-arama\/\" rel=\"follow noopener\" target=\"_self\" role=\"button\"><div class=\"uagb-button__link\">Learn More<\/div><\/a><\/div><\/div>\n<\/div><\/div>\n<\/div><\/div>\n<\/div>\n<\/div>\n\n\n\n<div class=\"wp-block-columns is-layout-flex wp-container-core-columns-is-layout-28f84493 wp-block-columns-is-layout-flex\">\n<div class=\"wp-block-column is-layout-flow wp-block-column-is-layout-flow\" style=\"flex-basis:100%\">\n<div class=\"wp-block-uagb-container uagb-block-9659f577 alignfull uagb-is-root-container\"><div class=\"uagb-container-inner-blocks-wrap\">\n<figure class=\"wp-block-image size-full\"><img decoding=\"async\" width=\"1536\" height=\"1024\" src=\"https:\/\/lavinmadencilik.com\/wp-content\/uploads\/2025\/05\/ChatGPT-Image-7-May-2025-17_42_46.png\" alt=\"\" class=\"wp-image-1469\" style=\"aspect-ratio:16\/9;object-fit:cover\" srcset=\"https:\/\/lavinmadencilik.com\/wp-content\/uploads\/2025\/05\/ChatGPT-Image-7-May-2025-17_42_46.png 1536w, https:\/\/lavinmadencilik.com\/wp-content\/uploads\/2025\/05\/ChatGPT-Image-7-May-2025-17_42_46-300x200.png 300w, https:\/\/lavinmadencilik.com\/wp-content\/uploads\/2025\/05\/ChatGPT-Image-7-May-2025-17_42_46-1024x683.png 1024w, https:\/\/lavinmadencilik.com\/wp-content\/uploads\/2025\/05\/ChatGPT-Image-7-May-2025-17_42_46-768x512.png 768w, https:\/\/lavinmadencilik.com\/wp-content\/uploads\/2025\/05\/ChatGPT-Image-7-May-2025-17_42_46-500x333.png 500w, https:\/\/lavinmadencilik.com\/wp-content\/uploads\/2025\/05\/ChatGPT-Image-7-May-2025-17_42_46-800x533.png 800w, https:\/\/lavinmadencilik.com\/wp-content\/uploads\/2025\/05\/ChatGPT-Image-7-May-2025-17_42_46-1280x853.png 1280w\" sizes=\"(max-width: 1536px) 100vw, 1536px\" \/><\/figure>\n\n\n\n<div class=\"wp-block-uagb-advanced-heading uagb-block-d3b37841\"><h2 class=\"uagb-heading-text\">Geological Consultancy<\/h2><\/div>\n\n\n\n<p><strong>Field Experience + Scientific Insight = Right Decision<\/strong><\/p>\n\n\n\n<p>We provide geological consultancy services for investors, public institutions, and the private sector.\nWe support various aspects of the process such as mining licenses, geological survey reports, resource and reserve estimation, and drilling planning.\nWe stand by your side in every phase of the project, helping you make the right decisions.<\/p>\n\n\n\n<div class=\"wp-block-uagb-buttons uagb-buttons__outer-wrap uagb-btn__default-btn uagb-btn-tablet__default-btn uagb-btn-mobile__default-btn uagb-block-6cae731a\"><div class=\"uagb-buttons__wrap uagb-buttons-layout-wrap\">\n<div class=\"wp-block-uagb-buttons-child uagb-buttons__outer-wrap uagb-block-af834826 wp-block-button\"><div class=\"uagb-button__wrapper\"><a class=\"uagb-buttons-repeater wp-block-button__link\" aria-label=\"\" href=\"https:\/\/lavinmadencilik.com\/en\/jeolojik-danismanlik\/\" rel=\"follow noopener\" target=\"_self\" role=\"button\"><div class=\"uagb-button__link\">Learn More<\/div><\/a><\/div><\/div>\n<\/div><\/div>\n<\/div><\/div>\n<\/div>\n<\/div>\n\n\n\n<div class=\"wp-block-columns is-layout-flex wp-container-core-columns-is-layout-28f84493 wp-block-columns-is-layout-flex\">\n<div class=\"wp-block-column is-layout-flow wp-block-column-is-layout-flow\" style=\"flex-basis:100%\">\n<div class=\"wp-block-uagb-container uagb-block-d3704997 alignfull uagb-is-root-container\"><div class=\"uagb-container-inner-blocks-wrap\">\n<figure class=\"wp-block-image size-full\"><img loading=\"lazy\" decoding=\"async\" width=\"1536\" height=\"1024\" src=\"https:\/\/lavinmadencilik.com\/wp-content\/uploads\/2025\/05\/ChatGPT-Image-7-May-2025-17_35_34.png\" alt=\"\" class=\"wp-image-1467\" style=\"aspect-ratio:16\/9;object-fit:cover\" srcset=\"https:\/\/lavinmadencilik.com\/wp-content\/uploads\/2025\/05\/ChatGPT-Image-7-May-2025-17_35_34.png 1536w, https:\/\/lavinmadencilik.com\/wp-content\/uploads\/2025\/05\/ChatGPT-Image-7-May-2025-17_35_34-300x200.png 300w, https:\/\/lavinmadencilik.com\/wp-content\/uploads\/2025\/05\/ChatGPT-Image-7-May-2025-17_35_34-1024x683.png 1024w, https:\/\/lavinmadencilik.com\/wp-content\/uploads\/2025\/05\/ChatGPT-Image-7-May-2025-17_35_34-768x512.png 768w, https:\/\/lavinmadencilik.com\/wp-content\/uploads\/2025\/05\/ChatGPT-Image-7-May-2025-17_35_34-500x333.png 500w, https:\/\/lavinmadencilik.com\/wp-content\/uploads\/2025\/05\/ChatGPT-Image-7-May-2025-17_35_34-800x533.png 800w, https:\/\/lavinmadencilik.com\/wp-content\/uploads\/2025\/05\/ChatGPT-Image-7-May-2025-17_35_34-1280x853.png 1280w\" sizes=\"(max-width: 1536px) 100vw, 1536px\" \/><\/figure>\n\n\n\n<div class=\"wp-block-uagb-advanced-heading uagb-block-2ef920dd\"><h2 class=\"uagb-heading-text\">Geology<\/h2><\/div>\n\n\n\n<p><strong>Interpreting What the Earth Reveals<\/strong><\/p>\n\n\n\n<p>We conduct detailed evaluations at every stage \u2014 from field studies to laboratory analyses \u2014 using the fundamental principles of geological science.\nWe interpret the Earth through soil studies, map drawings, cross-section preparation, and geological modeling.\nWe also develop sustainable solutions by taking environmental impacts into account.<\/p>\n\n\n\n<div class=\"wp-block-uagb-buttons uagb-buttons__outer-wrap uagb-btn__default-btn uagb-btn-tablet__default-btn uagb-btn-mobile__default-btn uagb-block-45f3451b\"><div class=\"uagb-buttons__wrap uagb-buttons-layout-wrap\">\n<div class=\"wp-block-uagb-buttons-child uagb-buttons__outer-wrap uagb-block-c4609248 wp-block-button\"><div class=\"uagb-button__wrapper\"><a class=\"uagb-buttons-repeater wp-block-button__link\" aria-label=\"\" href=\"https:\/\/lavinmadencilik.com\/en\/jeoloji\/\" rel=\"follow noopener\" target=\"_self\" role=\"button\"><div class=\"uagb-button__link\">Learn More<\/div><\/a><\/div><\/div>\n<\/div><\/div>\n<\/div><\/div>\n<\/div>\n<\/div>\n\n\n\n<div class=\"wp-block-columns is-layout-flex wp-container-core-columns-is-layout-28f84493 wp-block-columns-is-layout-flex\">\n<div class=\"wp-block-column is-layout-flow wp-block-column-is-layout-flow\" style=\"flex-basis:100%\">\n<div class=\"wp-block-uagb-container uagb-block-1b939fce alignfull uagb-is-root-container\"><div class=\"uagb-container-inner-blocks-wrap\">\n<figure class=\"wp-block-image size-full\"><img loading=\"lazy\" decoding=\"async\" width=\"4578\" height=\"1590\" src=\"https:\/\/lavinmadencilik.com\/wp-content\/uploads\/2025\/05\/S9-3.jpg\" alt=\"\" class=\"wp-image-1341\" style=\"aspect-ratio:16\/9;object-fit:cover\"\/><\/figure>\n\n\n\n<div class=\"wp-block-uagb-advanced-heading uagb-block-933808bc\"><h2 class=\"uagb-heading-text\">Resource &amp; Reserve Estimation<\/h2><\/div>\n\n\n\n<p><strong>Trust the Numbers, Make Solid Decisions<\/strong><\/p>\n\n\n\n<p>We carry out resource and reserve estimation studies \u2014 the most critical part of investment decisions in mining projects \u2014 in compliance with national and international standards.\nThrough drill data analysis, block modeling, geostatistical calculations, and software-based modeling, we help carry your project into the future.<\/p>\n\n\n\n<div class=\"wp-block-uagb-buttons uagb-buttons__outer-wrap uagb-btn__default-btn uagb-btn-tablet__default-btn uagb-btn-mobile__default-btn uagb-block-c774503b\"><div class=\"uagb-buttons__wrap uagb-buttons-layout-wrap\">\n<div class=\"wp-block-uagb-buttons-child uagb-buttons__outer-wrap uagb-block-e749a122 wp-block-button\"><div class=\"uagb-button__wrapper\"><a class=\"uagb-buttons-repeater wp-block-button__link\" aria-label=\"\" href=\"https:\/\/lavinmadencilik.com\/en\/kaynakrezerv-tahmini\/\" rel=\"follow noopener\" target=\"_self\" role=\"button\"><div class=\"uagb-button__link\">Learn More<\/div><\/a><\/div><\/div>\n<\/div><\/div>\n<\/div><\/div>\n<\/div>\n<\/div>\n\n\n\n<div class=\"wp-block-columns is-layout-flex wp-container-core-columns-is-layout-28f84493 wp-block-columns-is-layout-flex\">\n<div class=\"wp-block-column is-layout-flow wp-block-column-is-layout-flow\" style=\"flex-basis:100%\">\n<div class=\"wp-block-uagb-container uagb-block-cf0ef62b alignfull uagb-is-root-container\"><div class=\"uagb-container-inner-blocks-wrap\">\n<figure class=\"wp-block-image size-full\"><img loading=\"lazy\" decoding=\"async\" width=\"1536\" height=\"1024\" src=\"https:\/\/lavinmadencilik.com\/wp-content\/uploads\/2025\/05\/ChatGPT-Image-16-May-2025-18_48_38.png\" alt=\"\" class=\"wp-image-1631\" style=\"aspect-ratio:16\/9;object-fit:cover\" srcset=\"https:\/\/lavinmadencilik.com\/wp-content\/uploads\/2025\/05\/ChatGPT-Image-16-May-2025-18_48_38.png 1536w, https:\/\/lavinmadencilik.com\/wp-content\/uploads\/2025\/05\/ChatGPT-Image-16-May-2025-18_48_38-300x200.png 300w, https:\/\/lavinmadencilik.com\/wp-content\/uploads\/2025\/05\/ChatGPT-Image-16-May-2025-18_48_38-1024x683.png 1024w, https:\/\/lavinmadencilik.com\/wp-content\/uploads\/2025\/05\/ChatGPT-Image-16-May-2025-18_48_38-768x512.png 768w, https:\/\/lavinmadencilik.com\/wp-content\/uploads\/2025\/05\/ChatGPT-Image-16-May-2025-18_48_38-18x12.png 18w, https:\/\/lavinmadencilik.com\/wp-content\/uploads\/2025\/05\/ChatGPT-Image-16-May-2025-18_48_38-500x333.png 500w, https:\/\/lavinmadencilik.com\/wp-content\/uploads\/2025\/05\/ChatGPT-Image-16-May-2025-18_48_38-800x533.png 800w, https:\/\/lavinmadencilik.com\/wp-content\/uploads\/2025\/05\/ChatGPT-Image-16-May-2025-18_48_38-1280x853.png 1280w\" sizes=\"(max-width: 1536px) 100vw, 1536px\" \/><\/figure>\n\n\n\n<div class=\"wp-block-uagb-advanced-heading uagb-block-2bceebfa\"><h2 class=\"uagb-heading-text\">Architecture<\/h2><\/div>\n\n\n\n<p><strong>Transforming Spaces with Creative Vision and Architectural Expertise<\/strong><\/p>\n\n\n\n<p>Combining aesthetics, functionality, and quality, we offer unique architectural and interior design solutions for residential, office, hotel, and commercial spaces.<br><br>We add value to your living spaces through modern and classical design approaches, 3D visualizations, and turnkey project implementations.<\/p>\n\n\n\n<div class=\"wp-block-uagb-buttons uagb-buttons__outer-wrap uagb-btn__default-btn uagb-btn-tablet__default-btn uagb-btn-mobile__default-btn uagb-block-158f529b\"><div class=\"uagb-buttons__wrap uagb-buttons-layout-wrap\">\n<div class=\"wp-block-uagb-buttons-child uagb-buttons__outer-wrap uagb-block-0ea14510 wp-block-button\"><div class=\"uagb-button__wrapper\"><a class=\"uagb-buttons-repeater wp-block-button__link\" aria-label=\"\" href=\"https:\/\/lavinmadencilik.com\/en\/mimarlik\/\" rel=\"follow noopener\" target=\"_self\" role=\"button\"><div class=\"uagb-button__link\">Learn More<\/div><\/a><\/div><\/div>\n<\/div><\/div>\n<\/div><\/div>\n<\/div>\n<\/div>\n\n\n\n<div class=\"wp-block-uagb-container uagb-block-aaab65ae alignfull uagb-is-root-container\"><div class=\"uagb-container-inner-blocks-wrap\"><\/div><\/div>\n\n\n\n<p><\/p>","protected":false},"excerpt":{"rendered":"<p>Hizmetlerimiz Maden Jeolojisi Do\u011fan\u0131n Derinliklerini Bilimle Ke\u015ffediyoruz Lavin Madencilik olarak, maden jeolojisi alan\u0131nda yeralt\u0131 kaynaklar\u0131n\u0131n do\u011fru modellenmesi ve de\u011ferlendirilmesi i\u00e7in detayl\u0131 jeolojik et\u00fctler y\u00fcr\u00fct\u00fcyoruz. Galeri ve a\u00e7\u0131k ocak jeoloji haritalar\u0131, cevher modeli olu\u015fturma, mineral da\u011f\u0131l\u0131m\u0131 analizi ve sondaj verilerinin yorumlanmas\u0131 gibi kritik ad\u0131mlarda uzman ekibimizle \u00e7\u00f6z\u00fcm sunuyoruz. Her projeye \u00f6zel, sahaya \u00f6zg\u00fc verilerle \u00e7al\u0131\u015farak g\u00fcvenilir [&hellip;]<\/p>","protected":false},"author":1,"featured_media":0,"parent":0,"menu_order":0,"comment_status":"closed","ping_status":"closed","template":"","meta":{"_uag_custom_page_level_css":"","site-sidebar-layout":"no-sidebar","site-content-layout":"plain-container","ast-site-content-layout":"full-width-container","site-content-style":"unboxed","site-sidebar-style":"unboxed","ast-global-header-display":"","ast-banner-title-visibility":"","ast-main-header-display":"","ast-hfb-above-header-display":"","ast-hfb-below-header-display":"","ast-hfb-mobile-header-display":"","site-post-title":"disabled","ast-breadcrumbs-content":"","ast-featured-img":"","footer-sml-layout":"","theme-transparent-header-meta":"enabled","adv-header-id-meta":"","stick-header-meta":"","header-above-stick-meta":"","header-main-stick-meta":"","header-below-stick-meta":"","astra-migrate-meta-layouts":"set","ast-page-background-enabled":"default","ast-page-background-meta":{"desktop":{"background-color":"","background-image":"","background-repeat":"repeat","background-position":"center center","background-size":"auto","background-attachment":"scroll","background-type":"","background-media":"","overlay-type":"","overlay-color":"","overlay-opacity":"","overlay-gradient":""},"tablet":{"background-color":"","background-image":"","background-repeat":"repeat","background-position":"center center","background-size":"auto","background-attachment":"scroll","background-type":"","background-media":"","overlay-type":"","overlay-color":"","overlay-opacity":"","overlay-gradient":""},"mobile":{"background-color":"","background-image":"","background-repeat":"repeat","background-position":"center center","background-size":"auto","background-attachment":"scroll","background-type":"","background-media":"","overlay-type":"","overlay-color":"","overlay-opacity":"","overlay-gradient":""}},"ast-content-background-meta":{"desktop":{"background-color":"var(--ast-global-color-5)","background-image":"","background-repeat":"repeat","background-position":"center center","background-size":"auto","background-attachment":"scroll","background-type":"","background-media":"","overlay-type":"","overlay-color":"","overlay-opacity":"","overlay-gradient":""},"tablet":{"background-color":"var(--ast-global-color-5)","background-image":"","background-repeat":"repeat","background-position":"center center","background-size":"auto","background-attachment":"scroll","background-type":"","background-media":"","overlay-type":"","overlay-color":"","overlay-opacity":"","overlay-gradient":""},"mobile":{"background-color":"var(--ast-global-color-5)","background-image":"","background-repeat":"repeat","background-position":"center center","background-size":"auto","background-attachment":"scroll","background-type":"","background-media":"","overlay-type":"","overlay-color":"","overlay-opacity":"","overlay-gradient":""}},"footnotes":""},"class_list":["post-914","page","type-page","status-publish","hentry"],"aioseo_notices":[],"uagb_featured_image_src":{"full":false,"thumbnail":false,"medium":false,"medium_large":false,"large":false,"1536x1536":false,"2048x2048":false,"trp-custom-language-flag":false,"awb_sm":false,"awb_md":false,"awb_lg":false,"awb_xl":false},"uagb_author_info":{"display_name":"admin","author_link":"https:\/\/lavinmadencilik.com\/en\/author\/admin\/"},"uagb_comment_info":0,"uagb_excerpt":"Hizmetlerimiz Maden Jeolojisi Do\u011fan\u0131n Derinliklerini Bilimle Ke\u015ffediyoruz Lavin Madencilik olarak, maden jeolojisi alan\u0131nda yeralt\u0131 kaynaklar\u0131n\u0131n do\u011fru modellenmesi ve de\u011ferlendirilmesi i\u00e7in detayl\u0131 jeolojik et\u00fctler y\u00fcr\u00fct\u00fcyoruz. Galeri ve a\u00e7\u0131k ocak jeoloji haritalar\u0131, cevher modeli olu\u015fturma, mineral da\u011f\u0131l\u0131m\u0131 analizi ve sondaj verilerinin yorumlanmas\u0131 gibi kritik ad\u0131mlarda uzman ekibimizle \u00e7\u00f6z\u00fcm sunuyoruz. Her projeye \u00f6zel, sahaya \u00f6zg\u00fc verilerle \u00e7al\u0131\u015farak g\u00fcvenilir&hellip;","brizy_media":[],"_links":{"self":[{"href":"https:\/\/lavinmadencilik.com\/en\/wp-json\/wp\/v2\/pages\/914","targetHints":{"allow":["GET"]}}],"collection":[{"href":"https:\/\/lavinmadencilik.com\/en\/wp-json\/wp\/v2\/pages"}],"about":[{"href":"https:\/\/lavinmadencilik.com\/en\/wp-json\/wp\/v2\/types\/page"}],"author":[{"embeddable":true,"href":"https:\/\/lavinmadencilik.com\/en\/wp-json\/wp\/v2\/users\/1"}],"replies":[{"embeddable":true,"href":"https:\/\/lavinmadencilik.com\/en\/wp-json\/wp\/v2\/comments?post=914"}],"version-history":[{"count":23,"href":"https:\/\/lavinmadencilik.com\/en\/wp-json\/wp\/v2\/pages\/914\/revisions"}],"predecessor-version":[{"id":1677,"href":"https:\/\/lavinmadencilik.com\/en\/wp-json\/wp\/v2\/pages\/914\/revisions\/1677"}],"wp:attachment":[{"href":"https:\/\/lavinmadencilik.com\/en\/wp-json\/wp\/v2\/media?parent=914"}],"curies":[{"name":"wp","href":"https:\/\/api.w.org\/{rel}","templated":true}]}}