{"id":916,"date":"2025-05-03T16:05:59","date_gmt":"2025-05-03T13:05:59","guid":{"rendered":"http:\/\/localhost\/jeoloji\/contact\/"},"modified":"2025-11-08T12:56:48","modified_gmt":"2025-11-08T09:56:48","slug":"contact","status":"publish","type":"page","link":"https:\/\/lavinmadencilik.com\/en\/contact\/","title":{"rendered":"CONTACT"},"content":{"rendered":"<div class=\"wp-block-uagb-container uagb-block-71fc7b63 alignfull uagb-is-root-container\"><div class=\"uagb-container-inner-blocks-wrap\">\n<div class=\"wp-block-uagb-advanced-heading uagb-block-158443ef\"><h1 class=\"uagb-heading-text\">CONTACT US<\/h1><\/div>\n<\/div><\/div>\n\n\n\n<div class=\"wp-block-uagb-container uagb-block-c3ca94ac alignfull uagb-is-root-container\"><div class=\"uagb-container-inner-blocks-wrap\"><div style=\"display: flex; flex-wrap: wrap; font-family: 'Arial', sans-serif;\">\n<p>  <!-- SOL BLOK --><\/p>\n<div style=\"flex: 1; min-width: 300px; background-color: #10144a; color: white; padding: 40px;\">\n<h2 style=\"font-size: 24px; margin-bottom: 20px; color: white;\">\ud83d\udccdTurkey<\/h2>\n<p style=\"margin: 10px 0;\"><strong>Address<\/strong><br \/>\n      ORTAH\u0130SAR \/ TRABZON<br \/>\n      <strong>LAVIN MINING ENGINEERING ARCHITECTURE AND CONSULTING SERVICES LIMITED COMPANY<\/strong>\n    <\/p>\n<p style=\"margin: 10px 0;\"><strong>Phone<\/strong><br \/>\n      <a href=\"tel:+905360893348\" style=\"color: #ffc107;\">0536 089 33 48<\/a>\n    <\/p>\n<p style=\"margin: 10px 0;\"><strong>Email:<\/strong><br \/>\n      <a href=\"mailto:lavinmadencilik@gmail.com\" style=\"color: #ffc107;\">lavinmadencilik@gmail.com<\/a>\n    <\/p>\n<p>    <!-- LinkedIn Ba\u011flant\u0131s\u0131 (\u0130konlu) --><\/p>\n<p style=\"margin: 10px 0;\">\n      <a href=\"https:\/\/www.linkedin.com\/in\/lavin-madencilik-733bb535b\/\" target=\"_blank\" style=\"color: #ffc107; text-decoration: none; display: flex; align-items: center; gap: 8px;\"><br \/>\n        <img decoding=\"async\" src=\"https:\/\/cdn-icons-png.flaticon.com\/512\/174\/174857.png\" alt=\"LinkedIn\" style=\"width: 24px; height: 24px;\"> Our LinkedIn Profile<br \/>\n      <\/a>\n    <\/p>\n<div style=\"margin-top: 20px;\">\n      \n    <\/div>\n<\/p><\/div>\n<p>  <!-- SA\u011e BLOK --><\/p>\n<div style=\"flex: 1; min-width: 300px; background-color: #fff; padding: 40px;\">\n<h2 style=\"font-size: 24px; margin-bottom: 20px; color: #10144a;\">\ud83d\udcec Contact Form<\/h2>\n<div class=\"wpforms-container\" id=\"wpforms-1508\"><form id=\"wpforms-form-1508\" class=\"wpforms-validate wpforms-form wpforms-ajax-form\" data-formid=\"1508\" method=\"post\" enctype=\"multipart\/form-data\" action=\"\/en\/wp-json\/wp\/v2\/pages\/916\" data-token=\"0eb409e7c03f4c31d2a926d3f821d686\" data-token-time=\"1776428021\" data-trp-original-action=\"\/en\/wp-json\/wp\/v2\/pages\/916\"><noscript class=\"wpforms-error-noscript\">Please enable JavaScript in your browser to complete this form.<\/noscript><div class=\"wpforms-field-container\"><div id=\"wpforms-1508-field_1-container\" class=\"wpforms-field wpforms-field-name\" data-field-id=\"1\"><label class=\"wpforms-field-label\" for=\"wpforms-1508-field_1\">Full Name <span class=\"wpforms-required-label\">*<\/span><\/label><input type=\"text\" id=\"wpforms-1508-field_1\" class=\"wpforms-field-large wpforms-field-required\" name=\"wpforms[fields][1]\" required><\/div><div id=\"wpforms-1508-field_2-container\" class=\"wpforms-field wpforms-field-email\" data-field-id=\"2\"><label class=\"wpforms-field-label\" for=\"wpforms-1508-field_2\">Email <span class=\"wpforms-required-label\">*<\/span><\/label><input type=\"email\" id=\"wpforms-1508-field_2\" class=\"wpforms-field-large wpforms-field-required\" name=\"wpforms[fields][2]\" spellcheck=\"false\" required><\/div><div id=\"wpforms-1508-field_3-container\" class=\"wpforms-field wpforms-field-textarea\" data-field-id=\"3\"><label class=\"wpforms-field-label\" for=\"wpforms-1508-field_3\">Your Message<\/label><textarea id=\"wpforms-1508-field_3\" class=\"wpforms-field-medium\" name=\"wpforms[fields][3]\" ><\/textarea><\/div><\/div><!-- .wpforms-field-container --><div class=\"wpforms-submit-container\" ><input type=\"hidden\" name=\"wpforms[id]\" value=\"1508\"><input type=\"hidden\" name=\"page_title\" value=\"\"><input type=\"hidden\" name=\"page_url\" value=\"https:\/\/lavinmadencilik.com\/en\/wp-json\/wp\/v2\/pages\/916\"><input type=\"hidden\" name=\"url_referer\" value=\"\"><button type=\"submit\" name=\"wpforms[submit]\" id=\"wpforms-submit-1508\" class=\"wpforms-submit\" data-alt-text=\"G\u00f6nderiliyor...\" data-submit-text=\"G\u00f6nder\" aria-live=\"assertive\" value=\"wpforms-submit\">Send<\/button><img decoding=\"async\" src=\"https:\/\/lavinmadencilik.com\/wp-content\/plugins\/wpforms-lite\/assets\/images\/submit-spin.svg\" class=\"wpforms-submit-spinner\" style=\"display: none;\" width=\"26\" height=\"26\" alt=\"Loading\"><\/div><input type=\"hidden\" name=\"trp-form-language\" value=\"en\"\/><\/form><\/div>  <!-- .wpforms-container --><\/div>\n<\/div>\n<\/div><\/div>\n\n\n\n<p><\/p>","protected":false},"excerpt":{"rendered":"<p>CONTACT US<\/p>","protected":false},"author":1,"featured_media":0,"parent":0,"menu_order":0,"comment_status":"closed","ping_status":"closed","template":"","meta":{"_uag_custom_page_level_css":"","site-sidebar-layout":"no-sidebar","site-content-layout":"plain-container","ast-site-content-layout":"full-width-container","site-content-style":"unboxed","site-sidebar-style":"unboxed","ast-global-header-display":"","ast-banner-title-visibility":"","ast-main-header-display":"","ast-hfb-above-header-display":"","ast-hfb-below-header-display":"","ast-hfb-mobile-header-display":"","site-post-title":"disabled","ast-breadcrumbs-content":"","ast-featured-img":"","footer-sml-layout":"","theme-transparent-header-meta":"enabled","adv-header-id-meta":"","stick-header-meta":"","header-above-stick-meta":"","header-main-stick-meta":"","header-below-stick-meta":"","astra-migrate-meta-layouts":"set","ast-page-background-enabled":"default","ast-page-background-meta":{"desktop":{"background-color":"","background-image":"","background-repeat":"repeat","background-position":"center center","background-size":"auto","background-attachment":"scroll","background-type":"","background-media":"","overlay-type":"","overlay-color":"","overlay-opacity":"","overlay-gradient":""},"tablet":{"background-color":"","background-image":"","background-repeat":"repeat","background-position":"center center","background-size":"auto","background-attachment":"scroll","background-type":"","background-media":"","overlay-type":"","overlay-color":"","overlay-opacity":"","overlay-gradient":""},"mobile":{"background-color":"","background-image":"","background-repeat":"repeat","background-position":"center center","background-size":"auto","background-attachment":"scroll","background-type":"","background-media":"","overlay-type":"","overlay-color":"","overlay-opacity":"","overlay-gradient":""}},"ast-content-background-meta":{"desktop":{"background-color":"var(--ast-global-color-5)","background-image":"","background-repeat":"repeat","background-position":"center center","background-size":"auto","background-attachment":"scroll","background-type":"","background-media":"","overlay-type":"","overlay-color":"","overlay-opacity":"","overlay-gradient":""},"tablet":{"background-color":"var(--ast-global-color-5)","background-image":"","background-repeat":"repeat","background-position":"center center","background-size":"auto","background-attachment":"scroll","background-type":"","background-media":"","overlay-type":"","overlay-color":"","overlay-opacity":"","overlay-gradient":""},"mobile":{"background-color":"var(--ast-global-color-5)","background-image":"","background-repeat":"repeat","background-position":"center center","background-size":"auto","background-attachment":"scroll","background-type":"","background-media":"","overlay-type":"","overlay-color":"","overlay-opacity":"","overlay-gradient":""}},"footnotes":""},"class_list":["post-916","page","type-page","status-publish","hentry"],"aioseo_notices":[],"uagb_featured_image_src":{"full":false,"thumbnail":false,"medium":false,"medium_large":false,"large":false,"1536x1536":false,"2048x2048":false,"trp-custom-language-flag":false,"awb_sm":false,"awb_md":false,"awb_lg":false,"awb_xl":false},"uagb_author_info":{"display_name":"admin","author_link":"https:\/\/lavinmadencilik.com\/en\/author\/admin\/"},"uagb_comment_info":0,"uagb_excerpt":"Bize Ula\u015f\u0131n","brizy_media":[],"_links":{"self":[{"href":"https:\/\/lavinmadencilik.com\/en\/wp-json\/wp\/v2\/pages\/916","targetHints":{"allow":["GET"]}}],"collection":[{"href":"https:\/\/lavinmadencilik.com\/en\/wp-json\/wp\/v2\/pages"}],"about":[{"href":"https:\/\/lavinmadencilik.com\/en\/wp-json\/wp\/v2\/types\/page"}],"author":[{"embeddable":true,"href":"https:\/\/lavinmadencilik.com\/en\/wp-json\/wp\/v2\/users\/1"}],"replies":[{"embeddable":true,"href":"https:\/\/lavinmadencilik.com\/en\/wp-json\/wp\/v2\/comments?post=916"}],"version-history":[{"count":36,"href":"https:\/\/lavinmadencilik.com\/en\/wp-json\/wp\/v2\/pages\/916\/revisions"}],"predecessor-version":[{"id":1713,"href":"https:\/\/lavinmadencilik.com\/en\/wp-json\/wp\/v2\/pages\/916\/revisions\/1713"}],"wp:attachment":[{"href":"https:\/\/lavinmadencilik.com\/en\/wp-json\/wp\/v2\/media?parent=916"}],"curies":[{"name":"wp","href":"https:\/\/api.w.org\/{rel}","templated":true}]}}