{"id":917,"date":"2025-05-03T16:05:59","date_gmt":"2025-05-03T13:05:59","guid":{"rendered":"http:\/\/localhost\/jeoloji\/home\/"},"modified":"2025-06-23T15:24:17","modified_gmt":"2025-06-23T12:24:17","slug":"home","status":"publish","type":"page","link":"https:\/\/lavinmadencilik.com\/en\/","title":{"rendered":"HOME"},"content":{"rendered":"<div class=\"wp-block-uagb-container uagb-block-80f8b66e alignfull uagb-is-root-container\"><div class=\"uagb-container-inner-blocks-wrap\">\n<div class=\"wp-block-group is-layout-constrained wp-block-group-is-layout-constrained\">\n<div class=\"wp-block-uagb-info-box uagb-block-ea1e98f0 uagb-infobox__content-wrap  uagb-infobox-icon-above-title uagb-infobox-image-valign-top\"><div class=\"uagb-ifb-content\"><div class=\"uagb-ifb-title-wrap\"><h3 class=\"uagb-ifb-title-prefix\">The Heart of Mining<\/h3><div class=\"uagb-ifb-separator\"><\/div><h1 class=\"uagb-ifb-title\">Your Reliable Solution Partner in Geology and Mining<gwmw style=\"display:none;\"><gwmw style=\"display:none;\"><\/gwmw><\/gwmw><\/h1><\/div><div class=\"uagb-ifb-button-wrapper wp-block-button\"><a href=\"https:\/\/lavinmadencilik.com\/en\/projects\/\" class=\"uagb-infobox-cta-link wp-block-button__link\" target=\"_self\" rel=\"noopener noreferrer\" onclick=\"return true;\"><span class=\"uagb-inline-editing\">LEARN MORE<\/span><\/a><\/div><\/div><\/div>\n<\/div>\n<\/div><\/div>\n\n\n\n<div class=\"wp-block-uagb-container uagb-block-e1bb4766 alignfull uagb-is-root-container\"><div class=\"uagb-container-inner-blocks-wrap\"><div style=\"display: flex; flex-wrap: wrap; justify-content: center; gap: 30px; padding: 40px 0; background-color: #fefae0;\">\n<div style=\"flex: 1 1 280px; max-width: 350px; background: #2e3b5e; color: #ffffff; padding: 30px 20px; border-radius: 16px; text-align: center; box-shadow: 0 6px 20px rgba(0,0,0,0.1);\">\n<div style=\"font-size: 40px; margin-bottom: 10px;\">\ud83d\udee1\ufe0f<\/div>\n<h2 style=\"font-size: 22px; margin-bottom: 12px; color: #ffffff;\">Trust<\/h2>\n<p style=\"font-size: 15px; line-height: 1.6;\">We build long-term partnerships by offering reliable solutions to our clients.<\/p>\n<\/p><\/div>\n<div style=\"flex: 1 1 280px; max-width: 350px; background: #2e3b5e; color: #ffffff; padding: 30px 20px; border-radius: 16px; text-align: center; box-shadow: 0 6px 20px rgba(0,0,0,0.1);\">\n<div style=\"font-size: 40px; margin-bottom: 10px;\">\ud83d\udc4d<\/div>\n<h2 style=\"font-size: 22px; margin-bottom: 12px; color: #ffffff;\">Quality<\/h2>\n<p style=\"font-size: 15px; line-height: 1.6;\">We continuously improve our service quality and deliver the highest standards.<\/p>\n<\/p><\/div>\n<div style=\"flex: 1 1 280px; max-width: 350px; background: #2e3b5e; color: #ffffff; padding: 30px 20px; border-radius: 16px; text-align: center; box-shadow: 0 6px 20px rgba(0,0,0,0.1);\">\n<div style=\"font-size: 40px; margin-bottom: 10px;\">\u2699\ufe0f<\/div>\n<h2 style=\"font-size: 22px; margin-bottom: 12px; color: #ffffff;\">Innovation<\/h2>\n<p style=\"font-size: 15px; line-height: 1.6;\">With our commitment to technology, we make our projects more efficient.<\/p>\n<\/p><\/div>\n<\/div>\n<\/div><\/div>\n\n\n\n<div class=\"wp-block-uagb-container uagb-layout-grid uagb-block-6f3d1c23 alignfull uagb-is-root-container\"><div class=\"uagb-container-inner-blocks-wrap\">\n<div class=\"wp-block-uagb-image alignleft uagb-block-30761a03 wp-block-uagb-image--layout-default wp-block-uagb-image--effect-static wp-block-uagb-image--align-left\"><figure class=\"wp-block-uagb-image__figure\"><img loading=\"lazy\" decoding=\"async\" srcset=\"https:\/\/lavinmadencilik.com\/wp-content\/uploads\/2022\/08\/quote-1-2.png ,https:\/\/lavinmadencilik.com\/wp-content\/uploads\/2022\/08\/quote-1-2.png 780w\" sizes=\"auto, (max-width: 480px) 150px\" src=\"https:\/\/lavinmadencilik.com\/wp-content\/uploads\/2022\/08\/quote-1-2.png\" alt=\"\" class=\"uag-image-322\" width=\"94\" height=\"72\" title=\"\" role=\"img\"\/><\/figure><\/div>\n\n\n\n<div class=\"wp-block-uagb-testimonial uagb-slick-carousel uagb-tm__arrow-outside uagb-block-5f7b5c65 uagb-post__carousel_notset uagb-post__carousel_notset-tablet uagb-post__carousel_notset-mobile\"><div class=\"is-carousel uagb-tm__columns-1 uagb-tm__items\"><div class=\"uagb-testimonial__wrap  uagb-tm__imgicon-style-circle uagb-tm__image-position-bottom uagb-tm__bg-type-none\"><div class=\"uagb-tm__content\"><div class=\"uagb-tm__overlay\"><\/div><div class=\"uagb-tm__text-wrap\"><div class=\"uagb-tm__desc\">Your Reliable Solution Partner in Every Field of Geology and Mining<\/div><div class=\"uagb-tm__meta-inner\"><div class=\"uagb-testimonial-details\"><span class=\"uagb-tm__author-name\">Lavin Mining<\/span><span class=\"uagb-tm__company\">Company Name<\/span><\/div><\/div><\/div><\/div><\/div><\/div><\/div>\n<\/div><\/div>\n\n\n\n<div class=\"wp-block-uagb-container uagb-block-4e5b41fa alignfull uagb-is-root-container\"><div class=\"uagb-container-inner-blocks-wrap\">\n<div class=\"wp-block-uagb-advanced-heading uagb-block-ed3416f6\"><h2 class=\"uagb-heading-text\">Our Services<\/h2><div class=\"uagb-separator\"><\/div><\/div>\n\n\n\n<div class=\"wp-block-uagb-container uagb-block-0c24c3bb\">\n<div class=\"wp-block-uagb-container uagb-block-2f95617e\">\n<div class=\"wp-block-uagb-image aligncenter uagb-block-399e16d2 wp-block-uagb-image--layout-default wp-block-uagb-image--effect-static wp-block-uagb-image--align-center\"><figure class=\"wp-block-uagb-image__figure\"><img loading=\"lazy\" decoding=\"async\" srcset=\"https:\/\/lavinmadencilik.com\/wp-content\/uploads\/2025\/05\/WhatsApp-Image-2025-05-16-at-11.jpg ,https:\/\/lavinmadencilik.com\/wp-content\/uploads\/2025\/05\/WhatsApp-Image-2025-05-16-at-11.jpg 780w, https:\/\/lavinmadencilik.com\/wp-content\/uploads\/2025\/05\/WhatsApp-Image-2025-05-16-at-11.jpg 360w\" sizes=\"auto, (max-width: 480px) 150px\" src=\"https:\/\/lavinmadencilik.com\/wp-content\/uploads\/2025\/05\/WhatsApp-Image-2025-05-16-at-11.jpg\" alt=\"\" class=\"uag-image-1624\" width=\"475\" height=\"297\" title=\"WhatsApp Image 2025-05-16 at 11.\" role=\"img\"\/><\/figure><\/div>\n\n\n\n<div class=\"wp-block-uagb-info-box uagb-block-2935a13f uagb-infobox__content-wrap  uagb-infobox-icon-above-title uagb-infobox-image-valign-top\"><div class=\"uagb-ifb-content\"><div class=\"uagb-ifb-title-wrap\"><h5 class=\"uagb-ifb-title\">Geological Survey and Mapping<\/h5><\/div><p class=\"uagb-ifb-desc\">We conduct detailed analysis of surface and subsurface data to understand the structure of the land. By using geological maps, cross-sections, and models, we minimize risks.<\/p><div class=\"uagb-ifb-button-wrapper wp-block-button\"><a href=\"https:\/\/lavinmadencilik.com\/en\/projects\/\" class=\"uagb-infobox-cta-link wp-block-button__link\" target=\"_self\" rel=\"noopener noreferrer\" onclick=\"return true;\"><span class=\"uagb-inline-editing\">LEARN MORE<\/span><svg xmlns=\"https:\/\/www.w3.org\/2000\/svg\" viewbox=\"0 0 512 512\"><path d=\"M504.3 273.6l-112.1 104c-6.992 6.484-17.18 8.218-25.94 4.406c-8.758-3.812-14.42-12.45-14.42-21.1L351.9 288H32C14.33 288 .0002 273.7 .0002 255.1S14.33 224 32 224h319.9l0-72c0-9.547 5.66-18.19 14.42-22c8.754-3.809 18.95-2.075 25.94 4.41l112.1 104C514.6 247.9 514.6 264.1 504.3 273.6z\"><\/path><\/svg><\/a><\/div><\/div><\/div>\n<\/div>\n\n\n\n<div class=\"wp-block-uagb-container uagb-block-65b8b623\">\n<div class=\"wp-block-uagb-image aligncenter uagb-block-3235bff2 wp-block-uagb-image--layout-default wp-block-uagb-image--effect-static wp-block-uagb-image--align-center\"><figure class=\"wp-block-uagb-image__figure\"><img loading=\"lazy\" decoding=\"async\" srcset=\"https:\/\/lavinmadencilik.com\/wp-content\/uploads\/2025\/05\/ChatGPT-Image-3-May-2025-16_52_54.png ,https:\/\/lavinmadencilik.com\/wp-content\/uploads\/2025\/05\/ChatGPT-Image-3-May-2025-16_52_54.png 780w, https:\/\/lavinmadencilik.com\/wp-content\/uploads\/2025\/05\/ChatGPT-Image-3-May-2025-16_52_54.png 360w\" sizes=\"auto, (max-width: 480px) 150px\" src=\"https:\/\/lavinmadencilik.com\/wp-content\/uploads\/2025\/05\/ChatGPT-Image-3-May-2025-16_52_54.png\" alt=\"\" class=\"uag-image-1337\" width=\"475\" height=\"297\" title=\"ChatGPT Image 3 May 2025 16_52_54\" role=\"img\"\/><\/figure><\/div>\n\n\n\n<div class=\"wp-block-uagb-info-box uagb-block-c27f163a uagb-infobox__content-wrap  uagb-infobox-icon-above-title uagb-infobox-image-valign-top\"><div class=\"uagb-ifb-content\"><div class=\"uagb-ifb-title-wrap\"><h5 class=\"uagb-ifb-title\">Mineral Exploration and Drilling Services<\/h5><\/div><p class=\"uagb-ifb-desc\">In order to provide more accurate and sustainable solutions for your mining projects, we identify emerging mineral deposits and ground the entire process on scientific principles through detailed reserve estimations and drilling-based exploration studies.<\/p><div class=\"uagb-ifb-button-wrapper wp-block-button\"><a href=\"https:\/\/lavinmadencilik.com\/en\/projects\/\" class=\"uagb-infobox-cta-link wp-block-button__link\" target=\"_self\" rel=\"noopener noreferrer\" onclick=\"return true;\"><span class=\"uagb-inline-editing\">LEARN MORE<\/span><svg xmlns=\"https:\/\/www.w3.org\/2000\/svg\" viewbox=\"0 0 512 512\"><path d=\"M504.3 273.6l-112.1 104c-6.992 6.484-17.18 8.218-25.94 4.406c-8.758-3.812-14.42-12.45-14.42-21.1L351.9 288H32C14.33 288 .0002 273.7 .0002 255.1S14.33 224 32 224h319.9l0-72c0-9.547 5.66-18.19 14.42-22c8.754-3.809 18.95-2.075 25.94 4.41l112.1 104C514.6 247.9 514.6 264.1 504.3 273.6z\"><\/path><\/svg><\/a><\/div><\/div><\/div>\n<\/div>\n<\/div>\n<\/div><\/div>\n\n\n\n<div class=\"wp-block-uagb-container uagb-block-0127aa57 alignfull uagb-is-root-container\"><div class=\"uagb-container-inner-blocks-wrap\">\n<div class=\"wp-block-uagb-info-box uagb-block-f36d28c7 uagb-infobox__content-wrap  uagb-infobox-icon-above-title uagb-infobox-image-valign-top\"><div class=\"uagb-ifb-content\"><div class=\"uagb-ifb-title-wrap\"><h2 class=\"uagb-ifb-title\">Discover Your Future Underground<\/h2><\/div><div class=\"uagb-ifb-separator\"><\/div><p class=\"uagb-ifb-desc\">With our expert team in geology, drilling, mapping, and reporting processes, we provide scientific and legal infrastructure for your project. We are a solution partner in numerous mining projects in Turkey and around the world.<\/p><div class=\"uagb-ifb-button-wrapper wp-block-button\"><a href=\"https:\/\/lavinmadencilik.com\/en\/projects\/\" class=\"uagb-infobox-cta-link wp-block-button__link\" target=\"_self\" rel=\"noopener noreferrer\" onclick=\"return true;\"><span class=\"uagb-inline-editing\">LEARN MORE<\/span><svg xmlns=\"https:\/\/www.w3.org\/2000\/svg\" viewbox=\"0 0 448 512\"><path d=\"M438.6 278.6l-160 160C272.4 444.9 264.2 448 256 448s-16.38-3.125-22.62-9.375c-12.5-12.5-12.5-32.75 0-45.25L338.8 288H32C14.33 288 .0016 273.7 .0016 256S14.33 224 32 224h306.8l-105.4-105.4c-12.5-12.5-12.5-32.75 0-45.25s32.75-12.5 45.25 0l160 160C451.1 245.9 451.1 266.1 438.6 278.6z\"><\/path><\/svg><\/a><\/div><\/div><\/div>\n<\/div><\/div>\n\n\n\n<div class=\"wp-block-uagb-container uagb-block-537b8fac alignfull uagb-is-root-container\"><div class=\"uagb-container-inner-blocks-wrap\"><div class=\"map_wrapper\" id=\"map_wrapper_1368\">\n<div class=\"map_box\" style=\"max-width:2000px\">\n<div class=\"map_aspect_ratio\" style=\"padding-top:56%\" data-padding-top=\"56%\" data-padding-top-mobile=\"0%\">\n<div class=\"map_container\">\n<div class=\"map_render map_loading\" id=\"map_1368\"><\/div>\n<\/div>\n<\/div>\n<\/div>\n<\/div>\n<\/div><\/div>\n\n\n\n<div class=\"wp-block-group is-layout-constrained wp-block-group-is-layout-constrained\">\n<div class=\"wp-block-uagb-container uagb-block-8b2fd92a alignfull uagb-is-root-container\"><div class=\"uagb-container-inner-blocks-wrap\">\n<div style=\"max-width: 800px; margin: 0 auto;\">\n  <h2>Our Field Operations<\/h2>\n\n  <p>\n    Firmam\u0131z, kamu kurum ve \u00f6zel sekt\u00f6rde bulunan sahalar\u0131n maden arama ve i\u015fletme ruhsatlar\u0131n\u0131n et\u00fcd\u00fcn\u00fc yapmak, bu sahalarda JORC\/UMREK standartlar\u0131na g\u00f6re t\u00fcm \u00e7al\u0131\u015fmalar\u0131 (jeokimyasal kaya\u00e7 \u00f6rneklemesi, anomali haritalar\u0131n\u0131n olu\u015fturulmas\u0131, detay jeolojik-maden haritalamas\u0131, sondaj yerlerinin tespiti gibi) y\u00fcr\u00fcterek ekonomik bir maden yata\u011f\u0131n\u0131n (kur\u015fun, \u00e7inko, bak\u0131r, alt\u0131n, krom, mangan, vd.) potansiyelini tespit etmektedir.\n  <\/p>\n\n  <p>\n    Ayr\u0131ca \u00e7al\u0131\u015fma sahalar\u0131n\u0131n \u00f6n, detay ve genel arama faaliyet raporlar\u0131 ile fizibilite raporlar\u0131n\u0131 haz\u0131rlayarak, maden i\u015fletme projeleri haz\u0131rlamak, Yetkin Ki\u015fi (QP) Saha Ziyaretleri yapmak ve Maden arama projesi planlamaktad\u0131r.\n  <\/p>\n<\/div>\n\n\n\n\n<\/div><\/div>\n<\/div>\n\n\n\n<div class=\"wp-block-uagb-container uagb-block-a70cbfbc alignfull uagb-is-root-container\"><div class=\"uagb-container-inner-blocks-wrap\">\n<div class=\"wp-block-uagb-container uagb-block-eeea340f\">\n<div class=\"wp-block-uagb-info-box uagb-block-f60ff1ab uagb-infobox__content-wrap  uagb-infobox-icon-above-title uagb-infobox-image-valign-top\"><div class=\"uagb-ifb-content\"><div class=\"uagb-ifb-title-wrap\"><h2 class=\"uagb-ifb-title\">Our Field Applications &amp; Technical Solutions<\/h2><\/div><div class=\"uagb-ifb-separator\"><\/div><p class=\"uagb-ifb-desc\">We ensure the success of our projects in the field with our expert team and advanced technology equipment. Through both underground and surface operations, we provide reliability in geological and mining engineering.<\/p><div class=\"uagb-ifb-button-wrapper wp-block-button\"><a href=\"https:\/\/lavinmadencilik.com\/en\/projects\/\" class=\"uagb-infobox-cta-link wp-block-button__link\" target=\"_self\" rel=\"noopener noreferrer\" onclick=\"return true;\"><span class=\"uagb-inline-editing\">LEARN MORE<\/span><\/a><\/div><\/div><\/div>\n<\/div>\n\n\n\n<div class=\"wp-block-uagb-container uagb-block-736cfad9\">\n<div class=\"wp-block-uagb-image uagb-block-030165d1 wp-block-uagb-image--layout-default wp-block-uagb-image--effect-static wp-block-uagb-image--align-none\"><figure class=\"wp-block-uagb-image__figure\"><img loading=\"lazy\" decoding=\"async\" srcset=\"https:\/\/lavinmadencilik.com\/wp-content\/uploads\/2025\/05\/IMG_9912.jpg ,https:\/\/lavinmadencilik.com\/wp-content\/uploads\/2025\/05\/IMG_9912.jpg 780w, https:\/\/lavinmadencilik.com\/wp-content\/uploads\/2025\/05\/IMG_9912.jpg 360w\" sizes=\"auto, (max-width: 480px) 150px\" src=\"https:\/\/lavinmadencilik.com\/wp-content\/uploads\/2025\/05\/IMG_9912.jpg\" alt=\"\" class=\"uag-image-1344\" width=\"360\" height=\"225\" title=\"IMG_9912\" role=\"img\"\/><\/figure><\/div>\n\n\n\n<div class=\"wp-block-uagb-image uagb-block-d9e5607c wp-block-uagb-image--layout-default wp-block-uagb-image--effect-static wp-block-uagb-image--align-none\"><figure class=\"wp-block-uagb-image__figure\"><img loading=\"lazy\" decoding=\"async\" srcset=\"https:\/\/lavinmadencilik.com\/wp-content\/uploads\/2025\/05\/IMG_1580.jpg ,https:\/\/lavinmadencilik.com\/wp-content\/uploads\/2025\/05\/IMG_1580.jpg 780w, https:\/\/lavinmadencilik.com\/wp-content\/uploads\/2025\/05\/IMG_1580.jpg 360w\" sizes=\"auto, (max-width: 480px) 150px\" src=\"https:\/\/lavinmadencilik.com\/wp-content\/uploads\/2025\/05\/IMG_1580.jpg\" alt=\"\" class=\"uag-image-1346\" width=\"360\" height=\"367\" title=\"IMG_1580\" role=\"img\"\/><\/figure><\/div>\n<\/div>\n\n\n\n<div class=\"wp-block-uagb-container uagb-block-36085e2b\">\n<div class=\"wp-block-uagb-image uagb-block-b30cbcf3 wp-block-uagb-image--layout-default wp-block-uagb-image--effect-static wp-block-uagb-image--align-none\"><figure class=\"wp-block-uagb-image__figure\"><img loading=\"lazy\" decoding=\"async\" srcset=\"https:\/\/lavinmadencilik.com\/wp-content\/uploads\/2025\/05\/ChatGPT-Image-3-May-2025-17_10_51.png ,https:\/\/lavinmadencilik.com\/wp-content\/uploads\/2025\/05\/ChatGPT-Image-3-May-2025-17_10_51.png 780w, https:\/\/lavinmadencilik.com\/wp-content\/uploads\/2025\/05\/ChatGPT-Image-3-May-2025-17_10_51.png 360w\" sizes=\"auto, (max-width: 480px) 150px\" src=\"https:\/\/lavinmadencilik.com\/wp-content\/uploads\/2025\/05\/ChatGPT-Image-3-May-2025-17_10_51.png\" alt=\"\" class=\"uag-image-1345\" width=\"360\" height=\"367\" title=\"ChatGPT Image 3 May 2025 17_10_51\" role=\"img\"\/><\/figure><\/div>\n\n\n\n<div class=\"wp-block-uagb-image uagb-block-5e56ee0c wp-block-uagb-image--layout-default wp-block-uagb-image--effect-static wp-block-uagb-image--align-none\"><figure class=\"wp-block-uagb-image__figure\"><img loading=\"lazy\" decoding=\"async\" srcset=\"https:\/\/lavinmadencilik.com\/wp-content\/uploads\/2025\/05\/S9-4.jpg ,https:\/\/lavinmadencilik.com\/wp-content\/uploads\/2025\/05\/S9-4.jpg 780w, https:\/\/lavinmadencilik.com\/wp-content\/uploads\/2025\/05\/S9-4.jpg 360w\" sizes=\"auto, (max-width: 480px) 150px\" src=\"https:\/\/lavinmadencilik.com\/wp-content\/uploads\/2025\/05\/S9-4.jpg\" alt=\"\" class=\"uag-image-1342\" width=\"360\" height=\"218\" title=\"S9-4\" role=\"img\"\/><\/figure><\/div>\n<\/div>\n<\/div><\/div>\n\n\n\n<p><\/p>\n\n\n<div class=\"brz-root__container\"><\/div>","protected":false},"excerpt":{"rendered":"<p>\u00c7al\u0131\u015fmalar\u0131m\u0131z Saha \u00c7al\u0131\u015fmalar\u0131m\u0131z Firmam\u0131z, kamu kurum ve \u00f6zel sekt\u00f6rde bulunan sahalar\u0131n maden arama ve i\u015fletme ruhsatlar\u0131n\u0131n et\u00fcd\u00fcn\u00fc yapmak, bu sahalarda JORC\/UMREK standartlar\u0131na g\u00f6re t\u00fcm \u00e7al\u0131\u015fmalar\u0131 (jeokimyasal kaya\u00e7 \u00f6rneklemesi, anomali haritalar\u0131n\u0131n olu\u015fturulmas\u0131, detay jeolojik-maden haritalamas\u0131, sondaj yerlerinin tespiti gibi) y\u00fcr\u00fcterek ekonomik bir maden yata\u011f\u0131n\u0131n (kur\u015fun, \u00e7inko, bak\u0131r, alt\u0131n, krom, mangan, vd.) potansiyelini tespit etmektedir. Ayr\u0131ca \u00e7al\u0131\u015fma [&hellip;]<\/p>","protected":false},"author":1,"featured_media":0,"parent":0,"menu_order":0,"comment_status":"closed","ping_status":"closed","template":"brizy-blank-template.php","meta":{"_uag_custom_page_level_css":"","site-sidebar-layout":"no-sidebar","site-content-layout":"plain-container","ast-site-content-layout":"full-width-container","site-content-style":"unboxed","site-sidebar-style":"unboxed","ast-global-header-display":"","ast-banner-title-visibility":"","ast-main-header-display":"","ast-hfb-above-header-display":"","ast-hfb-below-header-display":"","ast-hfb-mobile-header-display":"","site-post-title":"disabled","ast-breadcrumbs-content":"","ast-featured-img":"","footer-sml-layout":"","theme-transparent-header-meta":"enabled","adv-header-id-meta":"","stick-header-meta":"","header-above-stick-meta":"","header-main-stick-meta":"","header-below-stick-meta":"","astra-migrate-meta-layouts":"set","ast-page-background-enabled":"default","ast-page-background-meta":{"desktop":{"background-color":"","background-image":"","background-repeat":"repeat","background-position":"center center","background-size":"auto","background-attachment":"scroll","background-type":"","background-media":"","overlay-type":"","overlay-color":"","overlay-opacity":"","overlay-gradient":""},"tablet":{"background-color":"","background-image":"","background-repeat":"repeat","background-position":"center center","background-size":"auto","background-attachment":"scroll","background-type":"","background-media":"","overlay-type":"","overlay-color":"","overlay-opacity":"","overlay-gradient":""},"mobile":{"background-color":"","background-image":"","background-repeat":"repeat","background-position":"center center","background-size":"auto","background-attachment":"scroll","background-type":"","background-media":"","overlay-type":"","overlay-color":"","overlay-opacity":"","overlay-gradient":""}},"ast-content-background-meta":{"desktop":{"background-color":"var(--ast-global-color-5)","background-image":"","background-repeat":"repeat","background-position":"center center","background-size":"auto","background-attachment":"scroll","background-type":"","background-media":"","overlay-type":"","overlay-color":"","overlay-opacity":"","overlay-gradient":""},"tablet":{"background-color":"var(--ast-global-color-5)","background-image":"","background-repeat":"repeat","background-position":"center center","background-size":"auto","background-attachment":"scroll","background-type":"","background-media":"","overlay-type":"","overlay-color":"","overlay-opacity":"","overlay-gradient":""},"mobile":{"background-color":"var(--ast-global-color-5)","background-image":"","background-repeat":"repeat","background-position":"center center","background-size":"auto","background-attachment":"scroll","background-type":"","background-media":"","overlay-type":"","overlay-color":"","overlay-opacity":"","overlay-gradient":""}},"footnotes":""},"class_list":["post-917","page","type-page","status-publish","hentry"],"aioseo_notices":[],"uagb_featured_image_src":{"full":false,"thumbnail":false,"medium":false,"medium_large":false,"large":false,"1536x1536":false,"2048x2048":false,"trp-custom-language-flag":false,"awb_sm":false,"awb_md":false,"awb_lg":false,"awb_xl":false},"uagb_author_info":{"display_name":"admin","author_link":"https:\/\/lavinmadencilik.com\/en\/author\/admin\/"},"uagb_comment_info":0,"uagb_excerpt":"\u00c7al\u0131\u015fmalar\u0131m\u0131z Saha \u00c7al\u0131\u015fmalar\u0131m\u0131z Firmam\u0131z, kamu kurum ve \u00f6zel sekt\u00f6rde bulunan sahalar\u0131n maden arama ve i\u015fletme ruhsatlar\u0131n\u0131n et\u00fcd\u00fcn\u00fc yapmak, bu sahalarda JORC\/UMREK standartlar\u0131na g\u00f6re t\u00fcm \u00e7al\u0131\u015fmalar\u0131 (jeokimyasal kaya\u00e7 \u00f6rneklemesi, anomali haritalar\u0131n\u0131n olu\u015fturulmas\u0131, detay jeolojik-maden haritalamas\u0131, sondaj yerlerinin tespiti gibi) y\u00fcr\u00fcterek ekonomik bir maden yata\u011f\u0131n\u0131n (kur\u015fun, \u00e7inko, bak\u0131r, alt\u0131n, krom, mangan, vd.) potansiyelini tespit etmektedir. Ayr\u0131ca \u00e7al\u0131\u015fma&hellip;","brizy_media":[],"_links":{"self":[{"href":"https:\/\/lavinmadencilik.com\/en\/wp-json\/wp\/v2\/pages\/917","targetHints":{"allow":["GET"]}}],"collection":[{"href":"https:\/\/lavinmadencilik.com\/en\/wp-json\/wp\/v2\/pages"}],"about":[{"href":"https:\/\/lavinmadencilik.com\/en\/wp-json\/wp\/v2\/types\/page"}],"author":[{"embeddable":true,"href":"https:\/\/lavinmadencilik.com\/en\/wp-json\/wp\/v2\/users\/1"}],"replies":[{"embeddable":true,"href":"https:\/\/lavinmadencilik.com\/en\/wp-json\/wp\/v2\/comments?post=917"}],"version-history":[{"count":50,"href":"https:\/\/lavinmadencilik.com\/en\/wp-json\/wp\/v2\/pages\/917\/revisions"}],"predecessor-version":[{"id":1704,"href":"https:\/\/lavinmadencilik.com\/en\/wp-json\/wp\/v2\/pages\/917\/revisions\/1704"}],"wp:attachment":[{"href":"https:\/\/lavinmadencilik.com\/en\/wp-json\/wp\/v2\/media?parent=917"}],"curies":[{"name":"wp","href":"https:\/\/api.w.org\/{rel}","templated":true}]}}